{"id":288,"date":"2021-12-08T20:06:43","date_gmt":"2021-12-08T20:06:43","guid":{"rendered":"https:\/\/www.embryo.med.br\/web\/?page_id=288"},"modified":"2023-02-15T20:30:40","modified_gmt":"2023-02-15T20:30:40","slug":"programa-de-ovodoacao-compartilhada","status":"publish","type":"page","link":"https:\/\/www.embryo.med.br\/web\/programa-de-ovodoacao-compartilhada\/","title":{"rendered":"Programa de Ovodoa\u00e7\u00e3o Compartilhada"},"content":{"rendered":"<p>[et_pb_section fb_built=&#8221;1&#8243; admin_label=&#8221;Header&#8221; _builder_version=&#8221;4.17.0&#8243; background_enable_color=&#8221;off&#8221; background_color_gradient_direction=&#8221;192deg&#8221; background_image=&#8221;https:\/\/www.embryo.med.br\/web\/wp-content\/uploads\/2021\/12\/bg_inside.png&#8221; background_size=&#8221;initial&#8221; background_position=&#8221;top_center&#8221; background_repeat=&#8221;space&#8221; background_enable_video_mp4=&#8221;off&#8221; overflow-x=&#8221;hidden&#8221; overflow-y=&#8221;hidden&#8221; custom_margin=&#8221;||0px|||&#8221; custom_padding=&#8221;176px||26px||false|false&#8221; background_last_edited=&#8221;on|phone&#8221; background_image_phone=&#8221;https:\/\/www.embryo.med.br\/web\/wp-content\/uploads\/2022\/11\/bg_inside_mobile.png&#8221; background_enable_image_phone=&#8221;on&#8221; background_size_phone=&#8221;cover&#8221; background_position_phone=&#8221;top_left&#8221; global_module=&#8221;601&#8243; locked=&#8221;off&#8221; global_colors_info=&#8221;{}&#8221;][et_pb_row _builder_version=&#8221;4.17.0&#8243; _module_preset=&#8221;default&#8221; global_colors_info=&#8221;{}&#8221;][et_pb_column type=&#8221;4_4&#8243; _builder_version=&#8221;4.17.0&#8243; _module_preset=&#8221;default&#8221; global_colors_info=&#8221;{}&#8221;][et_pb_text _builder_version=&#8221;4.17.0&#8243; _module_preset=&#8221;default&#8221; header_font=&#8221;ABeeZee||||||||&#8221; header_text_align=&#8221;center&#8221; header_text_color=&#8221;#FFFFFF&#8221; header_font_size=&#8221;35px&#8221; header_2_text_align=&#8221;center&#8221; header_text_shadow_style=&#8221;preset3&#8243; global_colors_info=&#8221;{}&#8221;]<\/p>\n<h1 style=\"text-align: center;\">Tudo \u00e9 poss\u00edvel para quem \u00e9 capaz de sonhar<\/h1>\n<p>[\/et_pb_text][\/et_pb_column][\/et_pb_row][\/et_pb_section][et_pb_section fb_built=&#8221;1&#8243; _builder_version=&#8221;4.16&#8243; custom_margin=&#8221;||-1px|||&#8221; custom_padding=&#8221;0px||2px|||&#8221; global_colors_info=&#8221;{}&#8221;][et_pb_row column_structure=&#8221;1_3,1_3,1_3&#8243; custom_padding_last_edited=&#8221;on|desktop&#8221; _builder_version=&#8221;4.16&#8243; use_background_color_gradient=&#8221;on&#8221; background_color_gradient_direction=&#8221;108deg&#8221; background_color_gradient_stops=&#8221;#0059c3 0%|rgba(0,129,255,0.7) 100%&#8221; background_color_gradient_start=&#8221;#0059c3&#8243; background_color_gradient_end=&#8221;rgba(0,129,255,0.7)&#8221; width=&#8221;100%&#8221; max_width=&#8221;1880px&#8221; module_alignment=&#8221;center&#8221; custom_margin=&#8221;|auto||191px|false|false&#8221; custom_padding=&#8221;70px|14vw|70px|14vw|true|true&#8221; custom_padding_tablet=&#8221;|5vw||5vw||true&#8221; custom_padding_phone=&#8221;|5vw||5vw||true&#8221; animation_style=&#8221;zoom&#8221; animation_direction=&#8221;top&#8221; animation_intensity_zoom=&#8221;1%&#8221; use_custom_width=&#8221;on&#8221; custom_width_px=&#8221;1280px&#8221; locked=&#8221;off&#8221; global_colors_info=&#8221;{}&#8221;][et_pb_column type=&#8221;1_3&#8243; _builder_version=&#8221;4.16&#8243; custom_padding=&#8221;|||&#8221; custom_padding_tablet=&#8221;40px|||&#8221; custom_padding_phone=&#8221;20px|||&#8221; custom_padding_last_edited=&#8221;off|desktop&#8221; global_colors_info=&#8221;{}&#8221; padding_phone=&#8221;20px|||&#8221; padding_tablet=&#8221;40px|||&#8221; padding_last_edited=&#8221;off|desktop&#8221; custom_padding__hover=&#8221;|||&#8221;][et_pb_blurb title=&#8221;Agende uma avalia\u00e7\u00e3o&#8221; use_icon=&#8221;on&#8221; font_icon=&#8221;&#xe090;||divi||400&#8243; icon_color=&#8221;#ffffff&#8221; icon_placement=&#8221;left&#8221; _builder_version=&#8221;4.16&#8243; header_font=&#8221;Open Sans|700|||||||&#8221; header_line_height=&#8221;1.6em&#8221; body_font=&#8221;||||||||&#8221; body_line_height=&#8221;2em&#8221; background_layout=&#8221;dark&#8221; animation=&#8221;off&#8221; global_colors_info=&#8221;{}&#8221;]<\/p>\n<p><span>(41) 3524-6461<\/span><\/p>\n<p>[\/et_pb_blurb][\/et_pb_column][et_pb_column type=&#8221;1_3&#8243; _builder_version=&#8221;4.16&#8243; custom_padding=&#8221;|||&#8221; custom_padding_tablet=&#8221;40px|||&#8221; custom_padding_phone=&#8221;20px|||&#8221; custom_padding_last_edited=&#8221;off|desktop&#8221; global_colors_info=&#8221;{}&#8221; padding_phone=&#8221;20px|||&#8221; padding_tablet=&#8221;40px|||&#8221; padding_last_edited=&#8221;off|desktop&#8221; custom_padding__hover=&#8221;|||&#8221;][et_pb_blurb title=&#8221;Conhe\u00e7a a cl\u00ednica&#8221; use_icon=&#8221;on&#8221; font_icon=&#8221;&#xe06b;||divi||400&#8243; icon_color=&#8221;#ffffff&#8221; icon_placement=&#8221;left&#8221; _builder_version=&#8221;4.16&#8243; header_font=&#8221;Open Sans|700|||||||&#8221; header_line_height=&#8221;1.6em&#8221; body_font=&#8221;||||||||&#8221; body_line_height=&#8221;2em&#8221; background_layout=&#8221;dark&#8221; animation=&#8221;off&#8221; global_colors_info=&#8221;{}&#8221;]<\/p>\n<p><span>Av. Sete de Setembro, 6481, Semin\u00e1rio \u2013 Curitiba<\/span><\/p>\n<p>[\/et_pb_blurb][\/et_pb_column][et_pb_column type=&#8221;1_3&#8243; _builder_version=&#8221;4.16&#8243; custom_padding=&#8221;|||&#8221; custom_padding_tablet=&#8221;40px|||&#8221; custom_padding_phone=&#8221;20px|||&#8221; custom_padding_last_edited=&#8221;off|desktop&#8221; global_colors_info=&#8221;{}&#8221; padding_phone=&#8221;20px|||&#8221; padding_tablet=&#8221;40px|||&#8221; padding_last_edited=&#8221;off|desktop&#8221; custom_padding__hover=&#8221;|||&#8221;][et_pb_blurb title=&#8221;Entre em contato &#8221; use_icon=&#8221;on&#8221; font_icon=&#8221;&#xe08b;||divi||400&#8243; icon_color=&#8221;#ffffff&#8221; icon_placement=&#8221;left&#8221; _builder_version=&#8221;4.19.5&#8243; header_font=&#8221;Open Sans|700|||||||&#8221; header_line_height=&#8221;1.6em&#8221; body_font=&#8221;||||||||&#8221; body_line_height=&#8221;2em&#8221; background_layout=&#8221;dark&#8221; animation=&#8221;off&#8221; hover_enabled=&#8221;0&#8243; global_colors_info=&#8221;{}&#8221; sticky_enabled=&#8221;0&#8243;]<\/p>\n<p><span>acolhimento@embryo.med.br<\/span><\/p>\n<p>[\/et_pb_blurb][\/et_pb_column][\/et_pb_row][\/et_pb_section][et_pb_section fb_built=&#8221;1&#8243; _builder_version=&#8221;4.16&#8243; global_colors_info=&#8221;{}&#8221;][et_pb_row _builder_version=&#8221;4.16&#8243; global_colors_info=&#8221;{}&#8221;][et_pb_column type=&#8221;4_4&#8243; _builder_version=&#8221;4.16&#8243; global_colors_info=&#8221;{}&#8221;][et_pb_text _builder_version=&#8221;4.16&#8243; header_font=&#8221;|||on|||||&#8221; header_text_color=&#8221;#6b6b6b&#8221; global_colors_info=&#8221;{}&#8221;]<\/p>\n<h1 style=\"text-align: center;\">Programa de Ovodoa\u00e7\u00e3o Compartilhada<\/h1>\n<p>[\/et_pb_text][et_pb_divider color=&#8221;#35b0f0&#8243; _builder_version=&#8221;4.16&#8243; width=&#8221;30%&#8221; module_alignment=&#8221;center&#8221; custom_margin=&#8221;||||false|false&#8221; locked=&#8221;off&#8221; global_colors_info=&#8221;{}&#8221;][\/et_pb_divider][\/et_pb_column][\/et_pb_row][et_pb_row _builder_version=&#8221;4.16&#8243; global_colors_info=&#8221;{}&#8221;][et_pb_column type=&#8221;4_4&#8243; _builder_version=&#8221;4.16&#8243; global_colors_info=&#8221;{}&#8221;][et_pb_text _builder_version=&#8221;4.16&#8243; global_colors_info=&#8221;{}&#8221;]<\/p>\n<p>A fertiliza\u00e7\u00e3o in vitro \u00e9 um dos procedimentos mais tecnol\u00f3gicos para solucionar problemas de fertilidade. Atualmente, muitos casais sofrem com os problemas de reprodu\u00e7\u00e3o \u2013 ou seja, eles querem ter um beb\u00ea, mas nem sempre as condi\u00e7\u00f5es biol\u00f3gicas s\u00e3o ideais. Nesse caso, a fertiliza\u00e7\u00e3o entra como uma solu\u00e7\u00e3o para construir a fam\u00edlia que voc\u00ea tanto deseja.\u00a0<span style=\"font-size: 14px;\">\u00a0<\/span><\/p>\n<p>Ent\u00e3o, se voc\u00ea quer saber mais sobre o procedimento, quanto custa e por que contratar uma ginecologista especializada em fertiliza\u00e7\u00e3o, voc\u00ea chegou ao lugar certo.\u00a0<\/p>\n<p>&nbsp;<\/p>\n<h2 style=\"text-align: center;\"><span style=\"color: #35b0f0;\">Saiba mais sobre a fertiliza\u00e7\u00e3o in vitro<\/span><\/h2>\n<p>&nbsp;<\/p>\n<p>Em 1978, Louise Brown nasceu como a primeira beb\u00ea resultante deste tipo de procedimento. Seu nascimento foi um passo enorme para a medicina e a reprodu\u00e7\u00e3o humana come\u00e7ou a ficar cada vez mais em evid\u00eancia na \u00e1rea da sa\u00fade. Para que voc\u00ea tenha uma ideia melhor da relev\u00e2ncia do procedimento, atualmente a taxa de gravidez resultante da fertiliza\u00e7\u00e3o in vitro gira em torno de 55%, variando de acordo com as causas da infertilidade no casal e as tecnologias dispon\u00edveis para a sua realiza\u00e7\u00e3o.\u00a0<\/p>\n<p>Popularmente conhecido pela sigla FIV, a fertiliza\u00e7\u00e3o in vitro ultrapassa os 40 anos desde a sua cria\u00e7\u00e3o e j\u00e1 deu \u00e0 luz milh\u00f5es de beb\u00eas. Basicamente, o procedimento age no processo de fecunda\u00e7\u00e3o (o encontro do \u00f3vulo com o espermatozoide). Por\u00e9m, ao contr\u00e1rio da gravidez natural, em que a fecunda\u00e7\u00e3o ocorre no \u00fatero da paciente, a fertiliza\u00e7\u00e3o in vitro acontece em laborat\u00f3rio. Dessa forma, as chances de conseguir uma gravidez bem-sucedida s\u00e3o maiores.\u00a0<span style=\"font-size: 14px;\">\u00a0<\/span><\/p>\n<p>Existem duas t\u00e9cnicas que podem ser utilizadas pelas ginecologistas: a fertiliza\u00e7\u00e3o in vitro cl\u00e1ssica e pelo m\u00e9todo de ICSI (Inje\u00e7\u00e3o Intracitoplasm\u00e1tica do Espermatozoide).\u00a0<\/p>\n<p>&nbsp;<\/p>\n<h2 style=\"text-align: center;\"><span style=\"color: #35b0f0;\">Fertiliza\u00e7\u00e3o In Vitro cl\u00e1ssica<\/span><\/h2>\n<p>&nbsp;<\/p>\n<p>Na vers\u00e3o cl\u00e1ssica, os espermatozoides s\u00e3o posicionados em uma placa, entrando em contato com o \u00f3vulo e deixando que a fertiliza\u00e7\u00e3o aconte\u00e7a naturalmente. Para isso, o s\u00eamen do parceiro deve ser normal ou, no m\u00e1ximo, apresentar altera\u00e7\u00f5es de reprodu\u00e7\u00e3o leves. Com isso, garante-se a concentra\u00e7\u00e3o de espermatozoides ap\u00f3s o processamento do s\u00eamen.\u00a0<\/p>\n<p>&nbsp;<\/p>\n<h2 style=\"text-align: center;\"><span style=\"color: #35b0f0;\">ICSI (Inje\u00e7\u00e3o Intracitoplasm\u00e1tica do Espermatozoide)\u00a0<\/span><\/h2>\n<p>&nbsp;<\/p>\n<p>J\u00e1 o m\u00e9todo de ICSI consiste na sele\u00e7\u00e3o de um espermatozoide via microscopia eletr\u00f4nica. O agente escolhido \u00e9 injetado diretamente no interior do \u00f3vulo, sendo um procedimento:<br \/>\u2022\u00a0\u00a0 \u00a0Disfun\u00e7\u00f5es ovulat\u00f3rias;<br \/>\u2022\u00a0\u00a0 \u00a0Infertilidade sem causa aparente;<br \/>\u2022\u00a0\u00a0 \u00a0Endometriose;<br \/>\u2022\u00a0\u00a0 \u00a0Baixa reserva ovariana e;<br \/>\u2022\u00a0\u00a0 \u00a0Fatores masculinos graves.<\/p>\n<p>No caso dos homens e a infertilidade, a obten\u00e7\u00e3o dos espermatozoides \u00e9 realizada por meio de t\u00e9cnicas de pun\u00e7\u00e3o do epid\u00eddimo ou diretamente dos test\u00edculos. Em ambos os casos, a utiliza\u00e7\u00e3o pela t\u00e9cnica de ICSI se torna obrigat\u00f3ria.\u00a0<\/p>\n<p>&nbsp;<\/p>\n<h2 style=\"text-align: center;\"><span style=\"color: #35b0f0;\">Como funciona a fertiliza\u00e7\u00e3o in vitro<\/span><\/h2>\n<p>&nbsp;<\/p>\n<p>Uma das principais etapas da FIV \u00e9 a estimula\u00e7\u00e3o da ovula\u00e7\u00e3o. Para isso, s\u00e3o utilizadas medica\u00e7\u00f5es, em sua maioria injet\u00e1veis, e \u00e9 realizado o acompanhamento do crescimento de fol\u00edculos ovulat\u00f3rios por meio de ultrassonografia. Com o acompanhamento, evita-se a hiperestimula\u00e7\u00e3o dos ov\u00e1rios.\u00a0<\/p>\n<p>Logo em seguida, a ovula\u00e7\u00e3o \u00e9 bloqueada tamb\u00e9m com o uso de medica\u00e7\u00f5es. Os \u00f3vulos s\u00e3o aspirados com ultrassom vaginal e posteriormente podem ser fertilizados com os espermatozoides do s\u00eamen do parceiro ou de um doador.\u00a0<\/p>\n<p>Todo o desenvolvimento do embri\u00e3o \u00e9 acompanhado em laborat\u00f3rio. Por volta do 5\u00b0 dia ap\u00f3s a pun\u00e7\u00e3o dos \u00f3vulos, ele \u00e9 transferido para o interior do \u00fatero da futura mam\u00e3e. Ap\u00f3s a transfer\u00eancia, recomenda-se fazer o teste de gravidez em 10 a 12 dias.<\/p>\n<p>&nbsp;<\/p>\n<h2 style=\"text-align: center;\"><span style=\"color: #35b0f0;\">O procedimento \u00e9 garantia de uma gesta\u00e7\u00e3o?<\/span><\/h2>\n<p>&nbsp;<\/p>\n<p>Dentre os tratamentos de infertilidade, a fertiliza\u00e7\u00e3o in vitro \u00e9 aquele com as maiores taxas de gravidez. Por\u00e9m, para garantir o sucesso do procedimento, \u00e9 preciso tomar alguns cuidados, sendo o maior deles a escolha da profissional ideal para isso.<\/p>\n<p>Tratando-se de um procedimento de alta tecnologia, sua realiza\u00e7\u00e3o exige um grau de instru\u00e7\u00e3o adequado. Por isso, ele s\u00f3 deve ser realizado por uma ginecologista especialista em fertilidade para aumentar as chances de sucesso.<\/p>\n<p>Antes de realizar o procedimento, ser\u00e1 feita uma an\u00e1lise de todos os fatores relevantes da sa\u00fade tanto da futura mam\u00e3e, quanto do parceiro ou do s\u00eamen de um doador. Consequentemente, asseguram-se as maiores taxas de fertilidade e o sucesso da fertiliza\u00e7\u00e3o.<\/p>\n<p>&nbsp;<\/p>\n<p>[\/et_pb_text][\/et_pb_column][\/et_pb_row][\/et_pb_section][et_pb_section fb_built=&#8221;1&#8243; _builder_version=&#8221;4.16&#8243; background_color=&#8221;#4782ff&#8221; background_image=&#8221;https:\/\/www.embryo.med.br\/web\/wp-content\/uploads\/2021\/12\/pattern03.png&#8221; parallax=&#8221;on&#8221; global_colors_info=&#8221;{}&#8221;][\/et_pb_section][et_pb_section fb_built=&#8221;1&#8243; custom_padding_last_edited=&#8221;on|phone&#8221; _builder_version=&#8221;4.17.0&#8243; background_image=&#8221;https:\/\/www.embryo.med.br\/web\/wp-content\/uploads\/2021\/12\/banner.png&#8221; background_size=&#8221;initial&#8221; custom_margin_tablet=&#8221;&#8221; custom_margin_phone=&#8221;0px||-5px||false|false&#8221; custom_margin_last_edited=&#8221;on|phone&#8221; custom_padding=&#8221;0px||||false|false&#8221; custom_padding_tablet=&#8221;0px||||false|false&#8221; custom_padding_phone=&#8221;34px||246px||false|false&#8221; background_last_edited=&#8221;on|phone&#8221; background_image_phone=&#8221;https:\/\/www.embryo.med.br\/web\/wp-content\/uploads\/2022\/11\/bannermoile_02.png&#8221; background_enable_image_phone=&#8221;on&#8221; background_size_phone=&#8221;cover&#8221; background_position_phone=&#8221;top_center&#8221; global_colors_info=&#8221;{}&#8221;][et_pb_row column_structure=&#8221;1_2,1_2&#8243; _builder_version=&#8221;4.17.0&#8243; min_height=&#8221;342px&#8221; custom_margin=&#8221;-2px|auto||275px|false|false&#8221; custom_margin_tablet=&#8221;-2px|auto||275px|false|false&#8221; custom_margin_phone=&#8221;-2px|auto||41px|false|false&#8221; custom_margin_last_edited=&#8221;on|phone&#8221; custom_padding=&#8221;0px||0px|6px|false|false&#8221; locked=&#8221;off&#8221; global_colors_info=&#8221;{}&#8221;][et_pb_column type=&#8221;1_2&#8243; _builder_version=&#8221;4.16&#8243; custom_padding=&#8221;||40px||false|false&#8221; global_colors_info=&#8221;{}&#8221;][et_pb_divider color=&#8221;#35b0f0&#8243; show_divider_tablet=&#8221;&#8221; show_divider_phone=&#8221;off&#8221; show_divider_last_edited=&#8221;on|phone&#8221; _builder_version=&#8221;4.17.0&#8243; width=&#8221;70%&#8221; custom_margin=&#8221;||||false|false&#8221; global_colors_info=&#8221;{}&#8221;][\/et_pb_divider][et_pb_text _builder_version=&#8221;4.16&#8243; header_font=&#8221;Open Sans|600||on|||||&#8221; header_text_color=&#8221;#3054a5&#8243; header_font_size=&#8221;27px&#8221; header_line_height=&#8221;1.1em&#8221; custom_margin=&#8221;||-3px|||&#8221; header_font_size_tablet=&#8221;40px&#8221; header_font_size_phone=&#8221;24px&#8221; header_font_size_last_edited=&#8221;on|phone&#8221; global_colors_info=&#8221;{}&#8221;]<\/p>\n<h1><span color=\"#6d6d6d\" style=\"color: #6d6d6d;\"><span style=\"caret-color: #6d6d6d;\">venha dar o primeiro<br \/>passo da sua jornada.<\/span><\/span><\/h1>\n<p><span color=\"#6d6d6d\" style=\"color: #6d6d6d;\"><span style=\"caret-color: #6d6d6d;\"><\/span><\/span><\/p>\n<p><span color=\"#6d6d6d\" style=\"color: #6d6d6d;\"><span style=\"caret-color: #6d6d6d;\"><\/span><\/span><\/p>\n<p>[\/et_pb_text][et_pb_text _builder_version=&#8221;4.16&#8243; header_font=&#8221;Open Sans|600||on|||||&#8221; header_text_color=&#8221;#3054a5&#8243; header_font_size=&#8221;27px&#8221; header_line_height=&#8221;1.1em&#8221; custom_padding=&#8221;0px|||||&#8221; header_font_size_tablet=&#8221;40px&#8221; header_font_size_phone=&#8221;24px&#8221; header_font_size_last_edited=&#8221;on|phone&#8221; global_colors_info=&#8221;{}&#8221;]<\/p>\n<p><span>A reprodu\u00e7\u00e3o humana \u00e9 uma \u00f3tima alternativa para pacientes que n\u00e3o conseguem engravidar pelos m\u00e9todos tradicionais. A trav\u00e9s de diversas t\u00e9cnicas, como a FIV, a Insemina\u00e7\u00e3o Intrauterina, o Coito P<\/span><span>rogramado, entre outras, \u00e9 capaz de viabilizar a t\u00e3o sonhada concep\u00e7\u00e3o.<\/span><\/p>\n<p>[\/et_pb_text][et_pb_button button_url=&#8221;https:\/\/api.whatsapp.com\/send\/?phone=554195100880&#8243; url_new_window=&#8221;on&#8221; button_text=&#8221;Agende uma consulta&#8221; _builder_version=&#8221;4.17.0&#8243; custom_button=&#8221;on&#8221; button_text_size=&#8221;15px&#8221; button_text_color=&#8221;#ffffff&#8221; button_bg_color=&#8221;#3054a5&#8243; button_border_width=&#8221;0px&#8221; button_border_radius=&#8221;15px&#8221; button_letter_spacing=&#8221;1px&#8221; button_font=&#8221;Open Sans|700||on|||||&#8221; button_use_icon=&#8221;off&#8221; custom_padding=&#8221;20px|30px|20px|30px|true|true&#8221; global_colors_info=&#8221;{}&#8221;][\/et_pb_button][\/et_pb_column][et_pb_column type=&#8221;1_2&#8243; _builder_version=&#8221;4.16&#8243; global_colors_info=&#8221;{}&#8221;][\/et_pb_column][\/et_pb_row][\/et_pb_section][et_pb_section fb_built=&#8221;1&#8243; module_id=&#8221;contato&#8221; _builder_version=&#8221;4.17.0&#8243; background_color=&#8221;#4782ff&#8221; custom_padding=&#8221;0px||0px||false|false&#8221; global_module=&#8221;598&#8243; saved_tabs=&#8221;all&#8221; global_colors_info=&#8221;{}&#8221;][et_pb_row column_structure=&#8221;1_2,1_2&#8243; _builder_version=&#8221;4.16&#8243; global_colors_info=&#8221;{}&#8221;][et_pb_column type=&#8221;1_2&#8243; _builder_version=&#8221;4.16&#8243; global_colors_info=&#8221;{}&#8221;][et_pb_divider color=&#8221;#4782ff&#8221; _builder_version=&#8221;4.16&#8243; global_colors_info=&#8221;{}&#8221;][\/et_pb_divider][et_pb_text _builder_version=&#8221;4.16&#8243; header_font=&#8221;|||on|||||&#8221; header_text_color=&#8221;#FFFFFF&#8221; locked=&#8221;off&#8221; global_colors_info=&#8221;{}&#8221;]<\/p>\n<h1 style=\"text-align: center;\">entre em contato<\/h1>\n<p>[\/et_pb_text][et_pb_divider color=&#8221;#35b0f0&#8243; _builder_version=&#8221;4.16&#8243; width=&#8221;30%&#8221; module_alignment=&#8221;center&#8221; custom_margin=&#8221;||||false|false&#8221; locked=&#8221;off&#8221; global_colors_info=&#8221;{}&#8221;][\/et_pb_divider][et_pb_text _builder_version=&#8221;4.16&#8243; text_text_color=&#8221;#FFFFFF&#8221; global_colors_info=&#8221;{}&#8221;]<\/p>\n<p><strong>CENTRO CL\u00cdNICO<\/strong><br \/> Av. Sete de Setembro, 6481, Semin\u00e1rio \u2013 Curitiba &#8211; PR<br \/>(41) 3524-6461 <br \/>(41)3524 \u2013 6462<br \/><span style=\"font-size: 14px;\">(41) 3244-9217<\/span><\/p>\n<p><strong>LABORAT\u00d3RIO<\/strong><br \/> Av. Sete de Setembro, 6520, Semin\u00e1rio \u2013 Curitiba &#8211; PR<br \/> No interior da Cl\u00ednica Los Angeles<br \/> (41) 3244-6461<br \/> (41) 3343-3103<\/p>\n<p>[\/et_pb_text][\/et_pb_column][et_pb_column type=&#8221;1_2&#8243; _builder_version=&#8221;4.16&#8243; global_colors_info=&#8221;{}&#8221;][et_pb_code _builder_version=&#8221;4.17.0&#8243; width_tablet=&#8221;&#8221; width_phone=&#8221;100%&#8221; width_last_edited=&#8221;on|phone&#8221; custom_margin=&#8221;|-399px||||&#8221; custom_padding=&#8221;||0px|||&#8221; global_colors_info=&#8221;{}&#8221;]<iframe src=\"https:\/\/www.google.com\/maps\/embed?pb=!1m18!1m12!1m3!1d3602.6332448522994!2d-49.3019461849853!3d-25.450522283779048!2m3!1f0!2f0!3f0!3m2!1i1024!2i768!4f13.1!3m3!1m2!1s0x94dce38fc1f9f2ef%3A0x2a9234ea8a216b94!2sEmbryo!5e0!3m2!1spt-BR!2sbr!4v1638898022381!5m2!1spt-BR!2sbr\" width=\"600\" height=\"450\" style=\"border:0;\" allowfullscreen=\"\" loading=\"lazy\"><\/iframe>[\/et_pb_code][\/et_pb_column][\/et_pb_row][\/et_pb_section]<\/p>\n","protected":false},"excerpt":{"rendered":"<p>Tudo \u00e9 poss\u00edvel para quem \u00e9 capaz de sonhar(41) 3524-6461Av. Sete de Setembro, 6481, Semin\u00e1rio \u2013 Curitibaacolhimento@embryo.med.brPrograma de Ovodoa\u00e7\u00e3o CompartilhadaA fertiliza\u00e7\u00e3o in vitro \u00e9 um dos procedimentos mais tecnol\u00f3gicos para solucionar problemas de fertilidade. Atualmente, muitos casais sofrem com os problemas de reprodu\u00e7\u00e3o \u2013 ou seja, eles querem ter um beb\u00ea, mas nem sempre as [&hellip;]<\/p>\n","protected":false},"author":1,"featured_media":0,"parent":0,"menu_order":0,"comment_status":"closed","ping_status":"closed","template":"","meta":{"_et_pb_use_builder":"on","_et_pb_old_content":"","_et_gb_content_width":"","footnotes":""},"class_list":["post-288","page","type-page","status-publish","hentry"],"_links":{"self":[{"href":"https:\/\/www.embryo.med.br\/web\/wp-json\/wp\/v2\/pages\/288","targetHints":{"allow":["GET"]}}],"collection":[{"href":"https:\/\/www.embryo.med.br\/web\/wp-json\/wp\/v2\/pages"}],"about":[{"href":"https:\/\/www.embryo.med.br\/web\/wp-json\/wp\/v2\/types\/page"}],"author":[{"embeddable":true,"href":"https:\/\/www.embryo.med.br\/web\/wp-json\/wp\/v2\/users\/1"}],"replies":[{"embeddable":true,"href":"https:\/\/www.embryo.med.br\/web\/wp-json\/wp\/v2\/comments?post=288"}],"version-history":[{"count":5,"href":"https:\/\/www.embryo.med.br\/web\/wp-json\/wp\/v2\/pages\/288\/revisions"}],"predecessor-version":[{"id":719,"href":"https:\/\/www.embryo.med.br\/web\/wp-json\/wp\/v2\/pages\/288\/revisions\/719"}],"wp:attachment":[{"href":"https:\/\/www.embryo.med.br\/web\/wp-json\/wp\/v2\/media?parent=288"}],"curies":[{"name":"wp","href":"https:\/\/api.w.org\/{rel}","templated":true}]}}