{"id":229,"date":"2021-12-08T19:35:56","date_gmt":"2021-12-08T19:35:56","guid":{"rendered":"https:\/\/www.embryo.med.br\/web\/?page_id=229"},"modified":"2023-02-15T20:25:46","modified_gmt":"2023-02-15T20:25:46","slug":"congelamento-de-semen","status":"publish","type":"page","link":"https:\/\/www.embryo.med.br\/web\/congelamento-de-semen\/","title":{"rendered":"Congelamento de Semen"},"content":{"rendered":"<p>[et_pb_section fb_built=&#8221;1&#8243; admin_label=&#8221;Header&#8221; _builder_version=&#8221;4.17.0&#8243; background_enable_color=&#8221;off&#8221; background_color_gradient_direction=&#8221;192deg&#8221; background_image=&#8221;https:\/\/www.embryo.med.br\/web\/wp-content\/uploads\/2021\/12\/bg_inside.png&#8221; background_size=&#8221;initial&#8221; background_position=&#8221;top_center&#8221; background_repeat=&#8221;space&#8221; background_enable_video_mp4=&#8221;off&#8221; overflow-x=&#8221;hidden&#8221; overflow-y=&#8221;hidden&#8221; custom_margin=&#8221;||0px|||&#8221; custom_padding=&#8221;176px||26px||false|false&#8221; background_last_edited=&#8221;on|phone&#8221; background_image_phone=&#8221;https:\/\/www.embryo.med.br\/web\/wp-content\/uploads\/2022\/11\/bg_inside_mobile.png&#8221; background_enable_image_phone=&#8221;on&#8221; background_size_phone=&#8221;cover&#8221; background_position_phone=&#8221;top_left&#8221; global_module=&#8221;601&#8243; locked=&#8221;off&#8221; global_colors_info=&#8221;{}&#8221;][et_pb_row _builder_version=&#8221;4.17.0&#8243; _module_preset=&#8221;default&#8221; global_colors_info=&#8221;{}&#8221;][et_pb_column type=&#8221;4_4&#8243; _builder_version=&#8221;4.17.0&#8243; _module_preset=&#8221;default&#8221; global_colors_info=&#8221;{}&#8221;][et_pb_text _builder_version=&#8221;4.17.0&#8243; _module_preset=&#8221;default&#8221; header_font=&#8221;ABeeZee||||||||&#8221; header_text_align=&#8221;center&#8221; header_text_color=&#8221;#FFFFFF&#8221; header_font_size=&#8221;35px&#8221; header_2_text_align=&#8221;center&#8221; header_text_shadow_style=&#8221;preset3&#8243; global_colors_info=&#8221;{}&#8221;]<\/p>\n<h1 style=\"text-align: center;\">Tudo \u00e9 poss\u00edvel para quem \u00e9 capaz de sonhar<\/h1>\n<p>[\/et_pb_text][\/et_pb_column][\/et_pb_row][\/et_pb_section][et_pb_section fb_built=&#8221;1&#8243; _builder_version=&#8221;4.16&#8243; custom_margin=&#8221;||-1px|||&#8221; custom_padding=&#8221;0px||2px|||&#8221; global_colors_info=&#8221;{}&#8221;][et_pb_row column_structure=&#8221;1_3,1_3,1_3&#8243; custom_padding_last_edited=&#8221;on|desktop&#8221; _builder_version=&#8221;4.16&#8243; use_background_color_gradient=&#8221;on&#8221; background_color_gradient_direction=&#8221;108deg&#8221; background_color_gradient_stops=&#8221;#0059c3 0%|rgba(0,129,255,0.7) 100%&#8221; background_color_gradient_start=&#8221;#0059c3&#8243; background_color_gradient_end=&#8221;rgba(0,129,255,0.7)&#8221; width=&#8221;100%&#8221; max_width=&#8221;1880px&#8221; module_alignment=&#8221;center&#8221; custom_margin=&#8221;|auto||191px|false|false&#8221; custom_padding=&#8221;70px|14vw|70px|14vw|true|true&#8221; custom_padding_tablet=&#8221;|5vw||5vw||true&#8221; custom_padding_phone=&#8221;|5vw||5vw||true&#8221; animation_style=&#8221;zoom&#8221; animation_direction=&#8221;top&#8221; animation_intensity_zoom=&#8221;1%&#8221; use_custom_width=&#8221;on&#8221; custom_width_px=&#8221;1280px&#8221; locked=&#8221;off&#8221; global_colors_info=&#8221;{}&#8221;][et_pb_column type=&#8221;1_3&#8243; _builder_version=&#8221;4.16&#8243; custom_padding=&#8221;|||&#8221; custom_padding_tablet=&#8221;40px|||&#8221; custom_padding_phone=&#8221;20px|||&#8221; custom_padding_last_edited=&#8221;off|desktop&#8221; global_colors_info=&#8221;{}&#8221; padding_phone=&#8221;20px|||&#8221; padding_tablet=&#8221;40px|||&#8221; padding_last_edited=&#8221;off|desktop&#8221; custom_padding__hover=&#8221;|||&#8221;][et_pb_blurb title=&#8221;Agende uma avalia\u00e7\u00e3o&#8221; use_icon=&#8221;on&#8221; font_icon=&#8221;&#xe090;||divi||400&#8243; icon_color=&#8221;#ffffff&#8221; icon_placement=&#8221;left&#8221; _builder_version=&#8221;4.16&#8243; header_font=&#8221;Open Sans|700|||||||&#8221; header_line_height=&#8221;1.6em&#8221; body_font=&#8221;||||||||&#8221; body_line_height=&#8221;2em&#8221; background_layout=&#8221;dark&#8221; animation=&#8221;off&#8221; global_colors_info=&#8221;{}&#8221;]<\/p>\n<p><span>(41) 3524-6461<\/span><\/p>\n<p>[\/et_pb_blurb][\/et_pb_column][et_pb_column type=&#8221;1_3&#8243; _builder_version=&#8221;4.16&#8243; custom_padding=&#8221;|||&#8221; custom_padding_tablet=&#8221;40px|||&#8221; custom_padding_phone=&#8221;20px|||&#8221; custom_padding_last_edited=&#8221;off|desktop&#8221; global_colors_info=&#8221;{}&#8221; padding_phone=&#8221;20px|||&#8221; padding_tablet=&#8221;40px|||&#8221; padding_last_edited=&#8221;off|desktop&#8221; custom_padding__hover=&#8221;|||&#8221;][et_pb_blurb title=&#8221;Conhe\u00e7a a cl\u00ednica&#8221; use_icon=&#8221;on&#8221; font_icon=&#8221;&#xe06b;||divi||400&#8243; icon_color=&#8221;#ffffff&#8221; icon_placement=&#8221;left&#8221; _builder_version=&#8221;4.16&#8243; header_font=&#8221;Open Sans|700|||||||&#8221; header_line_height=&#8221;1.6em&#8221; body_font=&#8221;||||||||&#8221; body_line_height=&#8221;2em&#8221; background_layout=&#8221;dark&#8221; animation=&#8221;off&#8221; global_colors_info=&#8221;{}&#8221;]<\/p>\n<p><span>Av. Sete de Setembro, 6481, Semin\u00e1rio \u2013 Curitiba<\/span><\/p>\n<p>[\/et_pb_blurb][\/et_pb_column][et_pb_column type=&#8221;1_3&#8243; _builder_version=&#8221;4.16&#8243; custom_padding=&#8221;|||&#8221; custom_padding_tablet=&#8221;40px|||&#8221; custom_padding_phone=&#8221;20px|||&#8221; custom_padding_last_edited=&#8221;off|desktop&#8221; global_colors_info=&#8221;{}&#8221; padding_phone=&#8221;20px|||&#8221; padding_tablet=&#8221;40px|||&#8221; padding_last_edited=&#8221;off|desktop&#8221; custom_padding__hover=&#8221;|||&#8221;][et_pb_blurb title=&#8221;Entre em contato &#8221; use_icon=&#8221;on&#8221; font_icon=&#8221;&#xe08b;||divi||400&#8243; icon_color=&#8221;#ffffff&#8221; icon_placement=&#8221;left&#8221; _builder_version=&#8221;4.16&#8243; header_font=&#8221;Open Sans|700|||||||&#8221; header_line_height=&#8221;1.6em&#8221; body_font=&#8221;||||||||&#8221; body_line_height=&#8221;2em&#8221; background_layout=&#8221;dark&#8221; animation=&#8221;off&#8221; global_colors_info=&#8221;{}&#8221;]<\/p>\n<p><span>acolhimento@embryo.med.br<\/span><\/p>\n<p>[\/et_pb_blurb][\/et_pb_column][\/et_pb_row][\/et_pb_section][et_pb_section fb_built=&#8221;1&#8243; _builder_version=&#8221;4.16&#8243; global_colors_info=&#8221;{}&#8221;][et_pb_row _builder_version=&#8221;4.16&#8243; global_colors_info=&#8221;{}&#8221;][et_pb_column type=&#8221;4_4&#8243; _builder_version=&#8221;4.16&#8243; global_colors_info=&#8221;{}&#8221;][et_pb_text _builder_version=&#8221;4.16&#8243; header_font=&#8221;|||on|||||&#8221; header_text_color=&#8221;#6b6b6b&#8221; global_colors_info=&#8221;{}&#8221;]<\/p>\n<h1 style=\"text-align: center;\">Congelamento de S\u00eamen<\/h1>\n<p>[\/et_pb_text][et_pb_divider color=&#8221;#35b0f0&#8243; _builder_version=&#8221;4.16&#8243; width=&#8221;30%&#8221; module_alignment=&#8221;center&#8221; custom_margin=&#8221;||||false|false&#8221; locked=&#8221;off&#8221; global_colors_info=&#8221;{}&#8221;][\/et_pb_divider][\/et_pb_column][\/et_pb_row][et_pb_row _builder_version=&#8221;4.16&#8243; global_colors_info=&#8221;{}&#8221;][et_pb_column type=&#8221;4_4&#8243; _builder_version=&#8221;4.16&#8243; global_colors_info=&#8221;{}&#8221;][et_pb_text _builder_version=&#8221;4.16&#8243; global_colors_info=&#8221;{}&#8221;]<\/p>\n<p style=\"font-weight: 400;\">As t\u00e9cnicas de criopreserva\u00e7\u00e3o desempenham hoje um papel muito importante na reprodu\u00e7\u00e3o assistida, possibilitando a preserva\u00e7\u00e3o da fertilidade, seja atrav\u00e9s do congelamento de \u00f3vulos, s\u00eamen ou embri\u00f5es.<\/p>\n<p style=\"font-weight: 400;\">Assim como as mulheres, os homens tamb\u00e9m podem congelar os gametas para preservar a fertilidade. Esse processo \u00e9 muito simples e moderno. Os espermatozoides ficar\u00e3o congelados, por tempo indeterminado, em nitrog\u00eanio l\u00edquido \u00e0 temperatura de -196 \u00b0C.<\/p>\n<p style=\"font-weight: 400;\">A qualidade e a produ\u00e7\u00e3o dos espermatozoides come\u00e7am a ficar comprometidas ap\u00f3s os 50 anos, por isso o congelamento ou criopreserva\u00e7\u00e3o do s\u00eamen \u00e9 uma op\u00e7\u00e3o para os que desejam ter a paternidade tardia.<\/p>\n<p>&nbsp;<\/p>\n<h2 style=\"text-align: center;\"><span style=\"text-align: left; caret-color: #35b0f0;\"><span style=\"color: #35b0f0;\">Como funciona o procedimento?<\/span><\/span><\/h2>\n<h2 style=\"text-align: center;\"><span style=\"font-size: 14px; text-align: left; color: #666666;\">\u00a0<\/span><\/h2>\n<p style=\"font-weight: 400;\">A coleta do s\u00eamen para congelamento \u00e9 realizada atrav\u00e9s da masturba\u00e7\u00e3o, assim como \u00e9 feito na coleta do espermograma. O homem deve estar em 2 a 4 dias de abstin\u00eancia sexual. Nos casos em que a coleta n\u00e3o \u00e9 poss\u00edvel, o congelamento pode ser feito atrav\u00e9s de t\u00e9cnicas de pun\u00e7\u00e3o direta dos espermatozoides no epid\u00eddimo e no test\u00edculo ou por meio de cirurgia guiada por microscopia.\u00a0<\/p>\n<p style=\"font-weight: 400;\">O s\u00eamen congelado poder\u00e1 ser usado para ter filhos e pode ser feito atrav\u00e9s das t\u00e9cnicas de insemina\u00e7\u00e3o intrauterina ou fertiliza\u00e7\u00e3o in vitro, podendo depender da quantidade e da qualidade dos espermatozoides presentes na amostra congelada.<\/p>\n<p>&nbsp;<\/p>\n<h2 style=\"text-align: center;\"><span style=\"text-align: left; caret-color: #35b0f0;\"><span style=\"color: #35b0f0;\">Quando o homem pode\/deve congelar o s\u00eamen?<\/span><\/span><span style=\"font-size: 14px; text-align: left; color: #666666;\">\u00a0<\/span><\/h2>\n<p><span style=\"font-size: 14px; text-align: left; color: #666666;\"><\/span><\/p>\n<p><span style=\"font-size: 14px; text-align: left; color: #666666;\"><\/span><\/p>\n<p style=\"font-weight: 400;\">O congelamento da amostra seminal pode ser indicado para homens que desejam preservar sua fertilidade ou que passaram ou que passar\u00e3o por algum procedimento cir\u00fargico ou qualquer situa\u00e7\u00e3o que possa afetar a qualidade de seus espermatozoides.\u00a0<\/p>\n<p>Podemos citar tamb\u00e9m outros casos como:\u00a0<\/p>\n<ul>\n<li>Cirurgias no aparelho reprodutor que podem comprometer a produ\u00e7\u00e3o esperm\u00e1tica (vasectomia, corre\u00e7\u00e3o de varicocele, prostatectomia.);<\/li>\n<li>Realiza\u00e7\u00e3o de tratamento oncol\u00f3gico que envolva radioterapia ou quimioterapia;<\/li>\n<li>Praticantes de atividades f\u00edsicas em excesso, como ciclistas profissionais, entre outras.<\/li>\n<\/ul>\n<p>&nbsp;<\/p>\n<h2 style=\"text-align: center;\"><span style=\"color: #35b0f0;\">O s\u00eamen congelado possui prazo de validade?\u00a0<\/span><\/h2>\n<p>&nbsp;<\/p>\n<p style=\"font-weight: 400;\">A t\u00e9cnica de crioterapia congela espermatozoides a menos 196 \u00baC por tempo indeterminado. Portanto, o s\u00eamen congelado n\u00e3o possui data de validade.<\/p>\n<p style=\"font-weight: 400;\">Para os que pensam em adiar a paternidade, o congelamento de espermatozoides pode ser<span>\u00a0 <\/span>uma excelente alternativa, pois \u00e9 um procedimento simples que pode fazer muita diferen\u00e7a no futuro.<\/p>\n<p>&nbsp;<\/p>\n<p>[\/et_pb_text][\/et_pb_column][\/et_pb_row][\/et_pb_section][et_pb_section fb_built=&#8221;1&#8243; _builder_version=&#8221;4.16&#8243; background_color=&#8221;#4782ff&#8221; background_image=&#8221;https:\/\/www.embryo.med.br\/web\/wp-content\/uploads\/2021\/12\/pattern03.png&#8221; parallax=&#8221;on&#8221; global_colors_info=&#8221;{}&#8221;][\/et_pb_section][et_pb_section fb_built=&#8221;1&#8243; custom_padding_last_edited=&#8221;on|phone&#8221; _builder_version=&#8221;4.17.0&#8243; background_image=&#8221;https:\/\/www.embryo.med.br\/web\/wp-content\/uploads\/2021\/12\/banner.png&#8221; background_size=&#8221;initial&#8221; custom_margin_tablet=&#8221;&#8221; custom_margin_phone=&#8221;0px||-5px||false|false&#8221; custom_margin_last_edited=&#8221;on|phone&#8221; custom_padding=&#8221;0px||||false|false&#8221; custom_padding_tablet=&#8221;0px||||false|false&#8221; custom_padding_phone=&#8221;34px||246px||false|false&#8221; background_last_edited=&#8221;on|phone&#8221; background_image_phone=&#8221;https:\/\/www.embryo.med.br\/web\/wp-content\/uploads\/2022\/11\/bannermoile_02.png&#8221; background_enable_image_phone=&#8221;on&#8221; background_size_phone=&#8221;cover&#8221; background_position_phone=&#8221;top_center&#8221; global_colors_info=&#8221;{}&#8221;][et_pb_row column_structure=&#8221;1_2,1_2&#8243; _builder_version=&#8221;4.17.0&#8243; min_height=&#8221;342px&#8221; custom_margin=&#8221;-2px|auto||275px|false|false&#8221; custom_margin_tablet=&#8221;-2px|auto||275px|false|false&#8221; custom_margin_phone=&#8221;-2px|auto||41px|false|false&#8221; custom_margin_last_edited=&#8221;on|phone&#8221; custom_padding=&#8221;0px||0px|6px|false|false&#8221; locked=&#8221;off&#8221; global_colors_info=&#8221;{}&#8221;][et_pb_column type=&#8221;1_2&#8243; _builder_version=&#8221;4.16&#8243; custom_padding=&#8221;||40px||false|false&#8221; global_colors_info=&#8221;{}&#8221;][et_pb_divider color=&#8221;#35b0f0&#8243; show_divider_tablet=&#8221;&#8221; show_divider_phone=&#8221;off&#8221; show_divider_last_edited=&#8221;on|phone&#8221; _builder_version=&#8221;4.17.0&#8243; width=&#8221;70%&#8221; custom_margin=&#8221;||||false|false&#8221; global_colors_info=&#8221;{}&#8221;][\/et_pb_divider][et_pb_text _builder_version=&#8221;4.16&#8243; header_font=&#8221;Open Sans|600||on|||||&#8221; header_text_color=&#8221;#3054a5&#8243; header_font_size=&#8221;27px&#8221; header_line_height=&#8221;1.1em&#8221; custom_margin=&#8221;||-3px|||&#8221; header_font_size_tablet=&#8221;40px&#8221; header_font_size_phone=&#8221;24px&#8221; header_font_size_last_edited=&#8221;on|phone&#8221; global_colors_info=&#8221;{}&#8221;]<\/p>\n<h1><span color=\"#6d6d6d\" style=\"color: #6d6d6d;\"><span style=\"caret-color: #6d6d6d;\">venha dar o primeiro<br \/>passo da sua jornada.<\/span><\/span><\/h1>\n<p><span color=\"#6d6d6d\" style=\"color: #6d6d6d;\"><span style=\"caret-color: #6d6d6d;\"><\/span><\/span><\/p>\n<p><span color=\"#6d6d6d\" style=\"color: #6d6d6d;\"><span style=\"caret-color: #6d6d6d;\"><\/span><\/span><\/p>\n<p>[\/et_pb_text][et_pb_text _builder_version=&#8221;4.16&#8243; header_font=&#8221;Open Sans|600||on|||||&#8221; header_text_color=&#8221;#3054a5&#8243; header_font_size=&#8221;27px&#8221; header_line_height=&#8221;1.1em&#8221; custom_padding=&#8221;0px|||||&#8221; header_font_size_tablet=&#8221;40px&#8221; header_font_size_phone=&#8221;24px&#8221; header_font_size_last_edited=&#8221;on|phone&#8221; global_colors_info=&#8221;{}&#8221;]<\/p>\n<p><span>A reprodu\u00e7\u00e3o humana \u00e9 uma \u00f3tima alternativa para pacientes que n\u00e3o conseguem engravidar pelos m\u00e9todos tradicionais. A trav\u00e9s de diversas t\u00e9cnicas, como a FIV, a Insemina\u00e7\u00e3o Intrauterina, o Coito P<\/span><span>rogramado, entre outras, \u00e9 capaz de viabilizar a t\u00e3o sonhada concep\u00e7\u00e3o.<\/span><\/p>\n<p>[\/et_pb_text][et_pb_button button_url=&#8221;https:\/\/api.whatsapp.com\/send\/?phone=554195100880&#8243; url_new_window=&#8221;on&#8221; button_text=&#8221;Agende uma consulta&#8221; _builder_version=&#8221;4.17.0&#8243; custom_button=&#8221;on&#8221; button_text_size=&#8221;15px&#8221; button_text_color=&#8221;#ffffff&#8221; button_bg_color=&#8221;#3054a5&#8243; button_border_width=&#8221;0px&#8221; button_border_radius=&#8221;15px&#8221; button_letter_spacing=&#8221;1px&#8221; button_font=&#8221;Open Sans|700||on|||||&#8221; button_use_icon=&#8221;off&#8221; custom_padding=&#8221;20px|30px|20px|30px|true|true&#8221; global_colors_info=&#8221;{}&#8221;][\/et_pb_button][\/et_pb_column][et_pb_column type=&#8221;1_2&#8243; _builder_version=&#8221;4.16&#8243; global_colors_info=&#8221;{}&#8221;][\/et_pb_column][\/et_pb_row][\/et_pb_section][et_pb_section fb_built=&#8221;1&#8243; module_id=&#8221;contato&#8221; _builder_version=&#8221;4.17.0&#8243; background_color=&#8221;#4782ff&#8221; custom_padding=&#8221;0px||0px||false|false&#8221; global_module=&#8221;598&#8243; saved_tabs=&#8221;all&#8221; global_colors_info=&#8221;{}&#8221;][et_pb_row column_structure=&#8221;1_2,1_2&#8243; _builder_version=&#8221;4.16&#8243; global_colors_info=&#8221;{}&#8221;][et_pb_column type=&#8221;1_2&#8243; _builder_version=&#8221;4.16&#8243; global_colors_info=&#8221;{}&#8221;][et_pb_divider color=&#8221;#4782ff&#8221; _builder_version=&#8221;4.16&#8243; global_colors_info=&#8221;{}&#8221;][\/et_pb_divider][et_pb_text _builder_version=&#8221;4.16&#8243; header_font=&#8221;|||on|||||&#8221; header_text_color=&#8221;#FFFFFF&#8221; locked=&#8221;off&#8221; global_colors_info=&#8221;{}&#8221;]<\/p>\n<h1 style=\"text-align: center;\">entre em contato<\/h1>\n<p>[\/et_pb_text][et_pb_divider color=&#8221;#35b0f0&#8243; _builder_version=&#8221;4.16&#8243; width=&#8221;30%&#8221; module_alignment=&#8221;center&#8221; custom_margin=&#8221;||||false|false&#8221; locked=&#8221;off&#8221; global_colors_info=&#8221;{}&#8221;][\/et_pb_divider][et_pb_text _builder_version=&#8221;4.16&#8243; text_text_color=&#8221;#FFFFFF&#8221; global_colors_info=&#8221;{}&#8221;]<\/p>\n<p><strong>CENTRO CL\u00cdNICO<\/strong><br \/> Av. Sete de Setembro, 6481, Semin\u00e1rio \u2013 Curitiba &#8211; PR<br \/>(41) 3524-6461 <br \/>(41)3524 \u2013 6462<br \/><span style=\"font-size: 14px;\">(41) 3244-9217<\/span><\/p>\n<p><strong>LABORAT\u00d3RIO<\/strong><br \/> Av. Sete de Setembro, 6520, Semin\u00e1rio \u2013 Curitiba &#8211; PR<br \/> No interior da Cl\u00ednica Los Angeles<br \/> (41) 3244-6461<br \/> (41) 3343-3103<\/p>\n<p>[\/et_pb_text][\/et_pb_column][et_pb_column type=&#8221;1_2&#8243; _builder_version=&#8221;4.16&#8243; global_colors_info=&#8221;{}&#8221;][et_pb_code _builder_version=&#8221;4.17.0&#8243; width_tablet=&#8221;&#8221; width_phone=&#8221;100%&#8221; width_last_edited=&#8221;on|phone&#8221; custom_margin=&#8221;|-399px||||&#8221; custom_padding=&#8221;||0px|||&#8221; global_colors_info=&#8221;{}&#8221;]<iframe src=\"https:\/\/www.google.com\/maps\/embed?pb=!1m18!1m12!1m3!1d3602.6332448522994!2d-49.3019461849853!3d-25.450522283779048!2m3!1f0!2f0!3f0!3m2!1i1024!2i768!4f13.1!3m3!1m2!1s0x94dce38fc1f9f2ef%3A0x2a9234ea8a216b94!2sEmbryo!5e0!3m2!1spt-BR!2sbr!4v1638898022381!5m2!1spt-BR!2sbr\" width=\"600\" height=\"450\" style=\"border:0;\" allowfullscreen=\"\" loading=\"lazy\"><\/iframe>[\/et_pb_code][\/et_pb_column][\/et_pb_row][\/et_pb_section]<\/p>\n","protected":false},"excerpt":{"rendered":"<p>Tudo \u00e9 poss\u00edvel para quem \u00e9 capaz de sonhar(41) 3524-6461Av. Sete de Setembro, 6481, Semin\u00e1rio \u2013 Curitibaacolhimento@embryo.med.brCongelamento de S\u00eamenAs t\u00e9cnicas de criopreserva\u00e7\u00e3o desempenham hoje um papel muito importante na reprodu\u00e7\u00e3o assistida, possibilitando a preserva\u00e7\u00e3o da fertilidade, seja atrav\u00e9s do congelamento de \u00f3vulos, s\u00eamen ou embri\u00f5es. Assim como as mulheres, os homens tamb\u00e9m podem congelar os [&hellip;]<\/p>\n","protected":false},"author":1,"featured_media":0,"parent":0,"menu_order":0,"comment_status":"closed","ping_status":"closed","template":"","meta":{"_et_pb_use_builder":"on","_et_pb_old_content":"","_et_gb_content_width":"","footnotes":""},"class_list":["post-229","page","type-page","status-publish","hentry"],"_links":{"self":[{"href":"https:\/\/www.embryo.med.br\/web\/wp-json\/wp\/v2\/pages\/229","targetHints":{"allow":["GET"]}}],"collection":[{"href":"https:\/\/www.embryo.med.br\/web\/wp-json\/wp\/v2\/pages"}],"about":[{"href":"https:\/\/www.embryo.med.br\/web\/wp-json\/wp\/v2\/types\/page"}],"author":[{"embeddable":true,"href":"https:\/\/www.embryo.med.br\/web\/wp-json\/wp\/v2\/users\/1"}],"replies":[{"embeddable":true,"href":"https:\/\/www.embryo.med.br\/web\/wp-json\/wp\/v2\/comments?post=229"}],"version-history":[{"count":6,"href":"https:\/\/www.embryo.med.br\/web\/wp-json\/wp\/v2\/pages\/229\/revisions"}],"predecessor-version":[{"id":687,"href":"https:\/\/www.embryo.med.br\/web\/wp-json\/wp\/v2\/pages\/229\/revisions\/687"}],"wp:attachment":[{"href":"https:\/\/www.embryo.med.br\/web\/wp-json\/wp\/v2\/media?parent=229"}],"curies":[{"name":"wp","href":"https:\/\/api.w.org\/{rel}","templated":true}]}}