{"id":225,"date":"2021-12-08T19:34:57","date_gmt":"2021-12-08T19:34:57","guid":{"rendered":"https:\/\/www.embryo.med.br\/web\/?page_id=225"},"modified":"2023-03-07T17:22:36","modified_gmt":"2023-03-07T17:22:36","slug":"doacao-de-ovulos","status":"publish","type":"page","link":"https:\/\/www.embryo.med.br\/web\/doacao-de-ovulos\/","title":{"rendered":"Doa\u00e7\u00e3o de \u00d3vulos"},"content":{"rendered":"<p>[et_pb_section fb_built=&#8221;1&#8243; admin_label=&#8221;Header&#8221; _builder_version=&#8221;4.16&#8243; background_enable_color=&#8221;off&#8221; background_color_gradient_direction=&#8221;192deg&#8221; background_image=&#8221;https:\/\/www.embryo.med.br\/web\/wp-content\/uploads\/2021\/12\/bg_inside.png&#8221; background_size=&#8221;initial&#8221; background_position=&#8221;top_center&#8221; background_repeat=&#8221;space&#8221; background_enable_video_mp4=&#8221;off&#8221; overflow-x=&#8221;hidden&#8221; overflow-y=&#8221;hidden&#8221; custom_margin=&#8221;||0px|||&#8221; custom_padding=&#8221;33px||26px||false|false&#8221; locked=&#8221;off&#8221; global_colors_info=&#8221;{}&#8221;][et_pb_row column_structure=&#8221;1_2,1_2&#8243; _builder_version=&#8221;4.16&#8243; custom_margin=&#8221;-5px|auto||275px|false|false&#8221; custom_padding=&#8221;||0px|6px|false|false&#8221; global_colors_info=&#8221;{}&#8221;][et_pb_column type=&#8221;1_2&#8243; _builder_version=&#8221;4.16&#8243; custom_padding=&#8221;||40px||false|false&#8221; global_colors_info=&#8221;{}&#8221;][et_pb_divider color=&#8221;#35b0f0&#8243; _builder_version=&#8221;4.16&#8243; width=&#8221;70%&#8221; custom_margin=&#8221;||||false|false&#8221; global_colors_info=&#8221;{}&#8221;][\/et_pb_divider][et_pb_text _builder_version=&#8221;4.16&#8243; header_font=&#8221;Open Sans|600||on|||||&#8221; header_text_color=&#8221;#3054a5&#8243; header_font_size=&#8221;37px&#8221; header_line_height=&#8221;0.9em&#8221; header_font_size_tablet=&#8221;40px&#8221; header_font_size_phone=&#8221;24px&#8221; header_font_size_last_edited=&#8221;on|phone&#8221; global_colors_info=&#8221;{}&#8221;]<\/p>\n<h1><span style=\"color: #6d6d6d;\">Tudo \u00e9 poss\u00edvel<\/span><\/h1>\n<h1><span style=\"color: #6d6d6d;\">para quem \u00e9<\/span><\/h1>\n<h1><span style=\"color: #6d6d6d;\">capaz de sonhar<\/span><\/h1>\n<p>[\/et_pb_text][et_pb_button button_url=&#8221;https:\/\/api.whatsapp.com\/send\/?phone=554195100880&#8243; url_new_window=&#8221;on&#8221; button_text=&#8221;Agende uma consulta&#8221; _builder_version=&#8221;4.17.0&#8243; custom_button=&#8221;on&#8221; button_text_size=&#8221;12px&#8221; button_text_color=&#8221;#ffffff&#8221; button_bg_color=&#8221;#3054a5&#8243; button_border_width=&#8221;0px&#8221; button_border_radius=&#8221;15px&#8221; button_letter_spacing=&#8221;1px&#8221; button_font=&#8221;Open Sans|700||on|||||&#8221; button_use_icon=&#8221;off&#8221; custom_padding=&#8221;20px|30px|20px|30px|true|true&#8221; global_colors_info=&#8221;{}&#8221;][\/et_pb_button][\/et_pb_column][et_pb_column type=&#8221;1_2&#8243; _builder_version=&#8221;4.16&#8243; global_colors_info=&#8221;{}&#8221;][\/et_pb_column][\/et_pb_row][\/et_pb_section][et_pb_section fb_built=&#8221;1&#8243; _builder_version=&#8221;4.16&#8243; custom_margin=&#8221;||-1px|||&#8221; custom_padding=&#8221;0px||2px|||&#8221; global_colors_info=&#8221;{}&#8221;][et_pb_row column_structure=&#8221;1_3,1_3,1_3&#8243; custom_padding_last_edited=&#8221;on|desktop&#8221; _builder_version=&#8221;4.16&#8243; use_background_color_gradient=&#8221;on&#8221; background_color_gradient_direction=&#8221;108deg&#8221; background_color_gradient_stops=&#8221;#0059c3 0%|rgba(0,129,255,0.7) 100%&#8221; background_color_gradient_start=&#8221;#0059c3&#8243; background_color_gradient_end=&#8221;rgba(0,129,255,0.7)&#8221; width=&#8221;100%&#8221; max_width=&#8221;1880px&#8221; module_alignment=&#8221;center&#8221; custom_margin=&#8221;|auto||191px|false|false&#8221; custom_padding=&#8221;70px|14vw|70px|14vw|true|true&#8221; custom_padding_tablet=&#8221;|5vw||5vw||true&#8221; custom_padding_phone=&#8221;|5vw||5vw||true&#8221; animation_style=&#8221;zoom&#8221; animation_direction=&#8221;top&#8221; animation_intensity_zoom=&#8221;1%&#8221; use_custom_width=&#8221;on&#8221; custom_width_px=&#8221;1280px&#8221; locked=&#8221;off&#8221; global_colors_info=&#8221;{}&#8221;][et_pb_column type=&#8221;1_3&#8243; _builder_version=&#8221;4.16&#8243; custom_padding=&#8221;|||&#8221; custom_padding_tablet=&#8221;40px|||&#8221; custom_padding_phone=&#8221;20px|||&#8221; custom_padding_last_edited=&#8221;off|desktop&#8221; global_colors_info=&#8221;{}&#8221; padding_phone=&#8221;20px|||&#8221; padding_tablet=&#8221;40px|||&#8221; padding_last_edited=&#8221;off|desktop&#8221; custom_padding__hover=&#8221;|||&#8221;][et_pb_blurb title=&#8221;Agende uma avalia\u00e7\u00e3o&#8221; use_icon=&#8221;on&#8221; font_icon=&#8221;&#xe090;||divi||400&#8243; icon_color=&#8221;#ffffff&#8221; icon_placement=&#8221;left&#8221; _builder_version=&#8221;4.16&#8243; header_font=&#8221;Open Sans|700|||||||&#8221; header_line_height=&#8221;1.6em&#8221; body_font=&#8221;||||||||&#8221; body_line_height=&#8221;2em&#8221; background_layout=&#8221;dark&#8221; animation=&#8221;off&#8221; global_colors_info=&#8221;{}&#8221;]<\/p>\n<p><span>(41) 3524-6461<\/span><\/p>\n<p>[\/et_pb_blurb][\/et_pb_column][et_pb_column type=&#8221;1_3&#8243; _builder_version=&#8221;4.16&#8243; custom_padding=&#8221;|||&#8221; custom_padding_tablet=&#8221;40px|||&#8221; custom_padding_phone=&#8221;20px|||&#8221; custom_padding_last_edited=&#8221;off|desktop&#8221; global_colors_info=&#8221;{}&#8221; padding_phone=&#8221;20px|||&#8221; padding_tablet=&#8221;40px|||&#8221; padding_last_edited=&#8221;off|desktop&#8221; custom_padding__hover=&#8221;|||&#8221;][et_pb_blurb title=&#8221;Conhe\u00e7a a cl\u00ednica&#8221; use_icon=&#8221;on&#8221; font_icon=&#8221;&#xe06b;||divi||400&#8243; icon_color=&#8221;#ffffff&#8221; icon_placement=&#8221;left&#8221; _builder_version=&#8221;4.16&#8243; header_font=&#8221;Open Sans|700|||||||&#8221; header_line_height=&#8221;1.6em&#8221; body_font=&#8221;||||||||&#8221; body_line_height=&#8221;2em&#8221; background_layout=&#8221;dark&#8221; animation=&#8221;off&#8221; global_colors_info=&#8221;{}&#8221;]<\/p>\n<p><span>Av. Sete de Setembro, 6481, Semin\u00e1rio \u2013 Curitiba<\/span><\/p>\n<p>[\/et_pb_blurb][\/et_pb_column][et_pb_column type=&#8221;1_3&#8243; _builder_version=&#8221;4.16&#8243; custom_padding=&#8221;|||&#8221; custom_padding_tablet=&#8221;40px|||&#8221; custom_padding_phone=&#8221;20px|||&#8221; custom_padding_last_edited=&#8221;off|desktop&#8221; global_colors_info=&#8221;{}&#8221; padding_phone=&#8221;20px|||&#8221; padding_tablet=&#8221;40px|||&#8221; padding_last_edited=&#8221;off|desktop&#8221; custom_padding__hover=&#8221;|||&#8221;][et_pb_blurb title=&#8221;Entre em contato &#8221; use_icon=&#8221;on&#8221; font_icon=&#8221;&#xe08b;||divi||400&#8243; icon_color=&#8221;#ffffff&#8221; icon_placement=&#8221;left&#8221; _builder_version=&#8221;4.16&#8243; header_font=&#8221;Open Sans|700|||||||&#8221; header_line_height=&#8221;1.6em&#8221; body_font=&#8221;||||||||&#8221; body_line_height=&#8221;2em&#8221; background_layout=&#8221;dark&#8221; animation=&#8221;off&#8221; global_colors_info=&#8221;{}&#8221;]<\/p>\n<p><span>acolhimento@embryo.med.br<\/span><\/p>\n<p>[\/et_pb_blurb][\/et_pb_column][\/et_pb_row][\/et_pb_section][et_pb_section fb_built=&#8221;1&#8243; _builder_version=&#8221;4.16&#8243; global_colors_info=&#8221;{}&#8221;][et_pb_row _builder_version=&#8221;4.16&#8243; global_colors_info=&#8221;{}&#8221;][et_pb_column type=&#8221;4_4&#8243; _builder_version=&#8221;4.16&#8243; global_colors_info=&#8221;{}&#8221;][et_pb_text _builder_version=&#8221;4.16&#8243; header_font=&#8221;|||on|||||&#8221; header_text_color=&#8221;#6b6b6b&#8221; global_colors_info=&#8221;{}&#8221;]<\/p>\n<h1 style=\"text-align: center;\">ovodoa\u00e7\u00e3o<\/h1>\n<p>[\/et_pb_text][et_pb_divider color=&#8221;#35b0f0&#8243; _builder_version=&#8221;4.16&#8243; width=&#8221;30%&#8221; module_alignment=&#8221;center&#8221; custom_margin=&#8221;||||false|false&#8221; locked=&#8221;off&#8221; global_colors_info=&#8221;{}&#8221;][\/et_pb_divider][et_pb_video src=&#8221;https:\/\/www.youtube.com\/watch?v=7-rcgHtihdY&#8221; _builder_version=&#8221;4.17.0&#8243; _module_preset=&#8221;default&#8221; global_colors_info=&#8221;{}&#8221;][\/et_pb_video][\/et_pb_column][\/et_pb_row][et_pb_row _builder_version=&#8221;4.16&#8243; global_colors_info=&#8221;{}&#8221;][et_pb_column type=&#8221;4_4&#8243; _builder_version=&#8221;4.16&#8243; global_colors_info=&#8221;{}&#8221;][et_pb_video src=&#8221;https:\/\/www.youtube.com\/watch?v=9tJkwOT_FwM&#8221; _builder_version=&#8221;4.19.5&#8243; _module_preset=&#8221;default&#8221; hover_enabled=&#8221;0&#8243; sticky_enabled=&#8221;0&#8243;][\/et_pb_video][et_pb_text _builder_version=&#8221;4.17.0&#8243; global_colors_info=&#8221;{}&#8221;]<\/p>\n<p><span>A ovodoa\u00e7\u00e3o \u00e9 um tratamento que colabora com a forma\u00e7\u00e3o de muitas fam\u00edlias. Um ato volunt\u00e1rio, an\u00f4nimo, sem car\u00e1ter comercial, realizado por mulheres que possuem boa reserva ovariana, at\u00e9 os 35 anos.<\/span><br \/><span>\u2800\u2800\u2800\u2800\u2800\u2800\u2800\u2800\u2800<\/span><br \/><span>Essa t\u00e9cnica pode ser oferecida a casais nas seguintes situa\u00e7\u00f5es:<\/span><br \/><span>\u2800\u2800\u2800\u2800\u2800\u2800\u2800\u2800\u2800<\/span><br \/><span>&#8211; Fal\u00eancia ovariana prematura ou portadoras de altera\u00e7\u00f5es gen\u00e9ticas vinculadas ao \u00f3vulo;\u2800\u2800\u2800\u2800\u2800\u2800\u2800\u2800\u2800<\/span><br \/><span>&#8211; Na ocorr\u00eancia de sucessivas falhas em FIVs;\u2800\u2800\u2800\u2800\u2800\u2800\u2800\u2800\u2800<\/span><br \/><span>&#8211; Mulheres com baixa qualidade de \u00f3vulos, como em casos graves de endometriose;\u2800\u2800\u2800\u2800\u2800\u2800\u2800\u2800\u2800<\/span><br \/><span>&#8211; Em mulheres com problemas gen\u00e9ticos que preferem n\u00e3o utilizar \u00f3vulos pr\u00f3prios;\u2800\u2800\u2800\u2800\u2800\u2800\u2800\u2800\u2800<\/span><br \/><span>&#8211; Casais homoafetivos masculinos conjuntamente com a \u201cbarriga solid\u00e1ria\u201d;\u2800\u2800\u2800\u2800\u2800\u2800\u2800\u2800\u2800<\/span><br \/><span>&#8211; Pacientes que passaram por quimioterapia ou radioterapia.\u2800<\/span><br \/><span>\u2800\u2800\u2800\u2800\u2800\u2800\u2800\u2800\u2800<\/span><br \/><span>A ovodoa\u00e7\u00e3o torna poss\u00edvel o milagre da vida em mulheres que, de outra maneira, n\u00e3o poderiam ter filhos. A ovodoa\u00e7\u00e3o \u00e9 gesto nobre e de muito amor ao pr\u00f3ximo.\u00a0<\/span><span>\u2800\u2800\u2800\u2800\u2800\u2800\u2800\u2800\u2800<\/span><\/p>\n<p>[\/et_pb_text][\/et_pb_column][\/et_pb_row][et_pb_row _builder_version=&#8221;4.19.5&#8243; _module_preset=&#8221;default&#8221;][et_pb_column _builder_version=&#8221;4.19.5&#8243; _module_preset=&#8221;default&#8221; type=&#8221;4_4&#8243;][\/et_pb_column][\/et_pb_row][\/et_pb_section][et_pb_section fb_built=&#8221;1&#8243; _builder_version=&#8221;4.16&#8243; background_color=&#8221;#4782ff&#8221; background_image=&#8221;https:\/\/www.embryo.med.br\/web\/wp-content\/uploads\/2021\/12\/pattern03.png&#8221; parallax=&#8221;on&#8221; global_colors_info=&#8221;{}&#8221;][\/et_pb_section][et_pb_section fb_built=&#8221;1&#8243; _builder_version=&#8221;4.16&#8243; background_image=&#8221;https:\/\/www.embryo.med.br\/web\/wp-content\/uploads\/2021\/12\/banner.png&#8221; background_size=&#8221;initial&#8221; custom_padding=&#8221;0px||||false|false&#8221; global_colors_info=&#8221;{}&#8221;][et_pb_row column_structure=&#8221;1_2,1_2&#8243; _builder_version=&#8221;4.16&#8243; custom_margin=&#8221;-2px|auto||275px|false|false&#8221; custom_padding=&#8221;||0px|6px|false|false&#8221; locked=&#8221;off&#8221; global_colors_info=&#8221;{}&#8221;][et_pb_column type=&#8221;1_2&#8243; _builder_version=&#8221;4.16&#8243; custom_padding=&#8221;||40px||false|false&#8221; global_colors_info=&#8221;{}&#8221;][et_pb_divider color=&#8221;#35b0f0&#8243; _builder_version=&#8221;4.16&#8243; width=&#8221;70%&#8221; custom_margin=&#8221;||||false|false&#8221; global_colors_info=&#8221;{}&#8221;][\/et_pb_divider][et_pb_text _builder_version=&#8221;4.16&#8243; header_font=&#8221;Open Sans|600||on|||||&#8221; header_text_color=&#8221;#3054a5&#8243; header_font_size=&#8221;27px&#8221; header_line_height=&#8221;1.1em&#8221; custom_margin=&#8221;||-3px|||&#8221; header_font_size_tablet=&#8221;40px&#8221; header_font_size_phone=&#8221;24px&#8221; header_font_size_last_edited=&#8221;on|phone&#8221; global_colors_info=&#8221;{}&#8221;]<\/p>\n<h1><span color=\"#6d6d6d\" style=\"color: #6d6d6d;\"><span style=\"caret-color: #6d6d6d;\">venha dar o primeiro<br \/>passo da sua jornada.<\/span><\/span><\/h1>\n<p><span color=\"#6d6d6d\" style=\"color: #6d6d6d;\"><span style=\"caret-color: #6d6d6d;\"><\/span><\/span><\/p>\n<p><span color=\"#6d6d6d\" style=\"color: #6d6d6d;\"><span style=\"caret-color: #6d6d6d;\"><\/span><\/span><\/p>\n<p>[\/et_pb_text][et_pb_text _builder_version=&#8221;4.16&#8243; header_font=&#8221;Open Sans|600||on|||||&#8221; header_text_color=&#8221;#3054a5&#8243; header_font_size=&#8221;27px&#8221; header_line_height=&#8221;1.1em&#8221; custom_padding=&#8221;0px|||||&#8221; header_font_size_tablet=&#8221;40px&#8221; header_font_size_phone=&#8221;24px&#8221; header_font_size_last_edited=&#8221;on|phone&#8221; global_colors_info=&#8221;{}&#8221;]<\/p>\n<p><span>A reprodu\u00e7\u00e3o humana \u00e9 uma \u00f3tima alternativa para pacientes que n\u00e3o conseguem engravidar pelos m\u00e9todos tradicionais. A trav\u00e9s de diversas t\u00e9cnicas, como a FIV, a Insemina\u00e7\u00e3o Intrauterina, o Coito P<\/span><span>rogramado, entre outras, \u00e9 capaz de viabilizar a t\u00e3o sonhada concep\u00e7\u00e3o.<\/span><\/p>\n<p>[\/et_pb_text][et_pb_button button_url=&#8221;https:\/\/api.whatsapp.com\/send\/?phone=554195100880&#8243; url_new_window=&#8221;on&#8221; button_text=&#8221;Agende uma consulta&#8221; _builder_version=&#8221;4.17.0&#8243; custom_button=&#8221;on&#8221; button_text_size=&#8221;12px&#8221; button_text_color=&#8221;#ffffff&#8221; button_bg_color=&#8221;#3054a5&#8243; button_border_width=&#8221;0px&#8221; button_border_radius=&#8221;15px&#8221; button_letter_spacing=&#8221;1px&#8221; button_font=&#8221;Open Sans|700||on|||||&#8221; button_use_icon=&#8221;off&#8221; custom_padding=&#8221;20px|30px|20px|30px|true|true&#8221; global_colors_info=&#8221;{}&#8221;][\/et_pb_button][\/et_pb_column][et_pb_column type=&#8221;1_2&#8243; _builder_version=&#8221;4.16&#8243; global_colors_info=&#8221;{}&#8221;][\/et_pb_column][\/et_pb_row][\/et_pb_section][et_pb_section fb_built=&#8221;1&#8243; _builder_version=&#8221;4.16&#8243; background_color=&#8221;#4782ff&#8221; custom_padding=&#8221;0px||0px|||&#8221; global_colors_info=&#8221;{}&#8221;][et_pb_row column_structure=&#8221;1_2,1_2&#8243; _builder_version=&#8221;4.16&#8243; global_colors_info=&#8221;{}&#8221;][et_pb_column type=&#8221;1_2&#8243; _builder_version=&#8221;4.16&#8243; global_colors_info=&#8221;{}&#8221;][et_pb_divider color=&#8221;#4782ff&#8221; _builder_version=&#8221;4.16&#8243; global_colors_info=&#8221;{}&#8221;][\/et_pb_divider][et_pb_text _builder_version=&#8221;4.16&#8243; header_font=&#8221;|||on|||||&#8221; header_text_color=&#8221;#FFFFFF&#8221; locked=&#8221;off&#8221; global_colors_info=&#8221;{}&#8221;]<\/p>\n<h1 style=\"text-align: center;\">entre em contato<\/h1>\n<p>[\/et_pb_text][et_pb_divider color=&#8221;#35b0f0&#8243; _builder_version=&#8221;4.16&#8243; width=&#8221;30%&#8221; module_alignment=&#8221;center&#8221; custom_margin=&#8221;||||false|false&#8221; locked=&#8221;off&#8221; global_colors_info=&#8221;{}&#8221;][\/et_pb_divider][et_pb_text _builder_version=&#8221;4.16&#8243; text_text_color=&#8221;#FFFFFF&#8221; global_colors_info=&#8221;{}&#8221;]<\/p>\n<p><strong>CENTRO CL\u00cdNICO<\/strong><br \/> Av. Sete de Setembro, 6481, Semin\u00e1rio \u2013 Curitiba &#8211; PR<br \/>(41) 3524-6461 <br \/>(41)3524 \u2013 6462<br \/><span style=\"font-size: 14px;\">(41) 3244-9217<\/span><\/p>\n<p><strong>LABORAT\u00d3RIO<\/strong><br \/> Av. Sete de Setembro, 6520, Semin\u00e1rio \u2013 Curitiba &#8211; PR<br \/> No interior da Cl\u00ednica Los Angeles<br \/> (41) 3244-6461<br \/> (41) 3343-3103<\/p>\n<p>[\/et_pb_text][\/et_pb_column][et_pb_column type=&#8221;1_2&#8243; _builder_version=&#8221;4.16&#8243; global_colors_info=&#8221;{}&#8221;][et_pb_code _builder_version=&#8221;4.16&#8243; custom_margin=&#8221;|-399px||||&#8221; custom_padding=&#8221;||0px|||&#8221; global_colors_info=&#8221;{}&#8221;]<iframe src=\"https:\/\/www.google.com\/maps\/embed?pb=!1m18!1m12!1m3!1d3602.6332448522994!2d-49.3019461849853!3d-25.450522283779048!2m3!1f0!2f0!3f0!3m2!1i1024!2i768!4f13.1!3m3!1m2!1s0x94dce38fc1f9f2ef%3A0x2a9234ea8a216b94!2sEmbryo!5e0!3m2!1spt-BR!2sbr!4v1638898022381!5m2!1spt-BR!2sbr\" width=\"600\" height=\"450\" style=\"border:0;\" allowfullscreen=\"\" loading=\"lazy\"><\/iframe>[\/et_pb_code][\/et_pb_column][\/et_pb_row][\/et_pb_section]<\/p>\n","protected":false},"excerpt":{"rendered":"<p>Tudo \u00e9 poss\u00edvel para quem \u00e9 capaz de sonhar(41) 3524-6461Av. Sete de Setembro, 6481, Semin\u00e1rio \u2013 Curitibaacolhimento@embryo.med.brovodoa\u00e7\u00e3oA ovodoa\u00e7\u00e3o \u00e9 um tratamento que colabora com a forma\u00e7\u00e3o de muitas fam\u00edlias. Um ato volunt\u00e1rio, an\u00f4nimo, sem car\u00e1ter comercial, realizado por mulheres que possuem boa reserva ovariana, at\u00e9 os 35 anos.\u2800\u2800\u2800\u2800\u2800\u2800\u2800\u2800\u2800Essa t\u00e9cnica pode ser oferecida a casais nas [&hellip;]<\/p>\n","protected":false},"author":1,"featured_media":0,"parent":0,"menu_order":0,"comment_status":"closed","ping_status":"closed","template":"","meta":{"_et_pb_use_builder":"on","_et_pb_old_content":"","_et_gb_content_width":"","footnotes":""},"class_list":["post-225","page","type-page","status-publish","hentry"],"_links":{"self":[{"href":"https:\/\/www.embryo.med.br\/web\/wp-json\/wp\/v2\/pages\/225","targetHints":{"allow":["GET"]}}],"collection":[{"href":"https:\/\/www.embryo.med.br\/web\/wp-json\/wp\/v2\/pages"}],"about":[{"href":"https:\/\/www.embryo.med.br\/web\/wp-json\/wp\/v2\/types\/page"}],"author":[{"embeddable":true,"href":"https:\/\/www.embryo.med.br\/web\/wp-json\/wp\/v2\/users\/1"}],"replies":[{"embeddable":true,"href":"https:\/\/www.embryo.med.br\/web\/wp-json\/wp\/v2\/comments?post=225"}],"version-history":[{"count":7,"href":"https:\/\/www.embryo.med.br\/web\/wp-json\/wp\/v2\/pages\/225\/revisions"}],"predecessor-version":[{"id":748,"href":"https:\/\/www.embryo.med.br\/web\/wp-json\/wp\/v2\/pages\/225\/revisions\/748"}],"wp:attachment":[{"href":"https:\/\/www.embryo.med.br\/web\/wp-json\/wp\/v2\/media?parent=225"}],"curies":[{"name":"wp","href":"https:\/\/api.w.org\/{rel}","templated":true}]}}