{"id":162,"date":"2021-12-07T18:55:02","date_gmt":"2021-12-07T18:55:02","guid":{"rendered":"https:\/\/www.embryo.med.br\/web\/?page_id=162"},"modified":"2023-02-15T20:29:36","modified_gmt":"2023-02-15T20:29:36","slug":"fertilizacao-in-vitro","status":"publish","type":"page","link":"https:\/\/www.embryo.med.br\/web\/fertilizacao-in-vitro\/","title":{"rendered":"Fertiliza\u00e7\u00e3o In Vitro"},"content":{"rendered":"<p>[et_pb_section fb_built=&#8221;1&#8243; admin_label=&#8221;Header&#8221; _builder_version=&#8221;4.17.0&#8243; background_enable_color=&#8221;off&#8221; background_color_gradient_direction=&#8221;192deg&#8221; background_image=&#8221;https:\/\/www.embryo.med.br\/web\/wp-content\/uploads\/2021\/12\/bg_inside.png&#8221; background_size=&#8221;initial&#8221; background_position=&#8221;top_center&#8221; background_repeat=&#8221;space&#8221; background_enable_video_mp4=&#8221;off&#8221; overflow-x=&#8221;hidden&#8221; overflow-y=&#8221;hidden&#8221; custom_margin=&#8221;||0px|||&#8221; custom_padding=&#8221;176px||26px||false|false&#8221; background_last_edited=&#8221;on|phone&#8221; background_image_phone=&#8221;https:\/\/www.embryo.med.br\/web\/wp-content\/uploads\/2022\/11\/bg_inside_mobile.png&#8221; background_enable_image_phone=&#8221;on&#8221; background_size_phone=&#8221;cover&#8221; background_position_phone=&#8221;top_left&#8221; global_module=&#8221;601&#8243; saved_tabs=&#8221;all&#8221; locked=&#8221;off&#8221; global_colors_info=&#8221;{}&#8221;][et_pb_row _builder_version=&#8221;4.17.0&#8243; _module_preset=&#8221;default&#8221; global_colors_info=&#8221;{}&#8221;][et_pb_column type=&#8221;4_4&#8243; _builder_version=&#8221;4.17.0&#8243; _module_preset=&#8221;default&#8221; global_colors_info=&#8221;{}&#8221;][et_pb_text _builder_version=&#8221;4.17.0&#8243; _module_preset=&#8221;default&#8221; header_font=&#8221;ABeeZee||||||||&#8221; header_text_align=&#8221;center&#8221; header_text_color=&#8221;#FFFFFF&#8221; header_font_size=&#8221;35px&#8221; header_2_text_align=&#8221;center&#8221; header_text_shadow_style=&#8221;preset3&#8243; global_colors_info=&#8221;{}&#8221;]<\/p>\n<h1 style=\"text-align: center;\">Tudo \u00e9 poss\u00edvel para quem \u00e9 capaz de sonhar<\/h1>\n<p>[\/et_pb_text][\/et_pb_column][\/et_pb_row][\/et_pb_section][et_pb_section fb_built=&#8221;1&#8243; _builder_version=&#8221;4.16&#8243; custom_margin=&#8221;||-1px|||&#8221; custom_padding=&#8221;0px||2px|||&#8221; global_colors_info=&#8221;{}&#8221;][et_pb_row column_structure=&#8221;1_3,1_3,1_3&#8243; custom_padding_last_edited=&#8221;on|desktop&#8221; _builder_version=&#8221;4.16&#8243; use_background_color_gradient=&#8221;on&#8221; background_color_gradient_direction=&#8221;108deg&#8221; background_color_gradient_stops=&#8221;#0059c3 0%|rgba(0,129,255,0.7) 100%&#8221; background_color_gradient_start=&#8221;#0059c3&#8243; background_color_gradient_end=&#8221;rgba(0,129,255,0.7)&#8221; width=&#8221;100%&#8221; max_width=&#8221;1880px&#8221; module_alignment=&#8221;center&#8221; custom_margin=&#8221;|auto||191px|false|false&#8221; custom_padding=&#8221;70px|14vw|70px|14vw|true|true&#8221; custom_padding_tablet=&#8221;|5vw||5vw||true&#8221; custom_padding_phone=&#8221;|5vw||5vw||true&#8221; animation_style=&#8221;zoom&#8221; animation_direction=&#8221;top&#8221; animation_intensity_zoom=&#8221;1%&#8221; use_custom_width=&#8221;on&#8221; custom_width_px=&#8221;1280px&#8221; locked=&#8221;off&#8221; global_colors_info=&#8221;{}&#8221;][et_pb_column type=&#8221;1_3&#8243; _builder_version=&#8221;4.16&#8243; custom_padding=&#8221;|||&#8221; custom_padding_tablet=&#8221;40px|||&#8221; custom_padding_phone=&#8221;20px|||&#8221; custom_padding_last_edited=&#8221;off|desktop&#8221; global_colors_info=&#8221;{}&#8221; padding_phone=&#8221;20px|||&#8221; padding_tablet=&#8221;40px|||&#8221; padding_last_edited=&#8221;off|desktop&#8221; custom_padding__hover=&#8221;|||&#8221;][et_pb_blurb title=&#8221;Agende uma avalia\u00e7\u00e3o&#8221; use_icon=&#8221;on&#8221; font_icon=&#8221;&#xe090;||divi||400&#8243; icon_color=&#8221;#ffffff&#8221; icon_placement=&#8221;left&#8221; _builder_version=&#8221;4.16&#8243; header_font=&#8221;Open Sans|700|||||||&#8221; header_line_height=&#8221;1.6em&#8221; body_font=&#8221;||||||||&#8221; body_line_height=&#8221;2em&#8221; background_layout=&#8221;dark&#8221; animation=&#8221;off&#8221; global_colors_info=&#8221;{}&#8221;]<\/p>\n<p><span>(41) 3524-6461<\/span><\/p>\n<p>[\/et_pb_blurb][\/et_pb_column][et_pb_column type=&#8221;1_3&#8243; _builder_version=&#8221;4.16&#8243; custom_padding=&#8221;|||&#8221; custom_padding_tablet=&#8221;40px|||&#8221; custom_padding_phone=&#8221;20px|||&#8221; custom_padding_last_edited=&#8221;off|desktop&#8221; global_colors_info=&#8221;{}&#8221; padding_phone=&#8221;20px|||&#8221; padding_tablet=&#8221;40px|||&#8221; padding_last_edited=&#8221;off|desktop&#8221; custom_padding__hover=&#8221;|||&#8221;][et_pb_blurb title=&#8221;Conhe\u00e7a a cl\u00ednica&#8221; use_icon=&#8221;on&#8221; font_icon=&#8221;&#xe06b;||divi||400&#8243; icon_color=&#8221;#ffffff&#8221; icon_placement=&#8221;left&#8221; _builder_version=&#8221;4.16&#8243; header_font=&#8221;Open Sans|700|||||||&#8221; header_line_height=&#8221;1.6em&#8221; body_font=&#8221;||||||||&#8221; body_line_height=&#8221;2em&#8221; background_layout=&#8221;dark&#8221; animation=&#8221;off&#8221; global_colors_info=&#8221;{}&#8221;]<\/p>\n<p><span>Av. Sete de Setembro, 6481, Semin\u00e1rio \u2013 Curitiba<\/span><\/p>\n<p>[\/et_pb_blurb][\/et_pb_column][et_pb_column type=&#8221;1_3&#8243; _builder_version=&#8221;4.16&#8243; custom_padding=&#8221;|||&#8221; custom_padding_tablet=&#8221;40px|||&#8221; custom_padding_phone=&#8221;20px|||&#8221; custom_padding_last_edited=&#8221;off|desktop&#8221; global_colors_info=&#8221;{}&#8221; padding_phone=&#8221;20px|||&#8221; padding_tablet=&#8221;40px|||&#8221; padding_last_edited=&#8221;off|desktop&#8221; custom_padding__hover=&#8221;|||&#8221;][et_pb_blurb title=&#8221;Entre em contato &#8221; use_icon=&#8221;on&#8221; font_icon=&#8221;&#xe08b;||divi||400&#8243; icon_color=&#8221;#ffffff&#8221; icon_placement=&#8221;left&#8221; _builder_version=&#8221;4.16&#8243; header_font=&#8221;Open Sans|700|||||||&#8221; header_line_height=&#8221;1.6em&#8221; body_font=&#8221;||||||||&#8221; body_line_height=&#8221;2em&#8221; background_layout=&#8221;dark&#8221; animation=&#8221;off&#8221; global_colors_info=&#8221;{}&#8221;]<\/p>\n<p><span>acolhimento@embryo.med.br<\/span><\/p>\n<p>[\/et_pb_blurb][\/et_pb_column][\/et_pb_row][\/et_pb_section][et_pb_section fb_built=&#8221;1&#8243; _builder_version=&#8221;4.16&#8243; global_colors_info=&#8221;{}&#8221;][et_pb_row _builder_version=&#8221;4.16&#8243; global_colors_info=&#8221;{}&#8221;][et_pb_column type=&#8221;4_4&#8243; _builder_version=&#8221;4.16&#8243; global_colors_info=&#8221;{}&#8221;][et_pb_text _builder_version=&#8221;4.16&#8243; header_font=&#8221;|||on|||||&#8221; header_text_color=&#8221;#6b6b6b&#8221; global_colors_info=&#8221;{}&#8221;]<\/p>\n<h1 style=\"text-align: center;\">Fertiliza\u00e7\u00e3o In Vitro<\/h1>\n<p>[\/et_pb_text][et_pb_divider color=&#8221;#35b0f0&#8243; _builder_version=&#8221;4.16&#8243; width=&#8221;30%&#8221; module_alignment=&#8221;center&#8221; custom_margin=&#8221;||||false|false&#8221; locked=&#8221;off&#8221; global_colors_info=&#8221;{}&#8221;][\/et_pb_divider][\/et_pb_column][\/et_pb_row][et_pb_row _builder_version=&#8221;4.17.0&#8243; custom_margin=&#8221;|auto||auto|false|false&#8221; custom_margin_tablet=&#8221;|auto||auto|false|false&#8221; custom_margin_phone=&#8221;|auto||41px|false|false&#8221; custom_margin_last_edited=&#8221;on|phone&#8221; global_colors_info=&#8221;{}&#8221;][et_pb_column type=&#8221;4_4&#8243; _builder_version=&#8221;4.16&#8243; global_colors_info=&#8221;{}&#8221;][et_pb_text _builder_version=&#8221;4.16&#8243; global_colors_info=&#8221;{}&#8221;]<\/p>\n<p style=\"font-weight: 400;\">A fertiliza\u00e7\u00e3o in vitro (FIV) \u00e9 um procedimento de reprodu\u00e7\u00e3o assistida que visa<span>\u00a0<\/span>estimular a produ\u00e7\u00e3o ovariana da mulher e gerar um embri\u00e3o com o aux\u00edlio de t\u00e9cnicas laboratoriais.<\/p>\n<p style=\"font-weight: 400;\">Esse<span>\u00a0 <\/span>processo inclui desde a fertiliza\u00e7\u00e3o at\u00e9 o desenvolvimento dos embri\u00f5es, que s\u00e3o cultivados em meio de cultura e dentro de uma incubadora a 37\u00baC por 5 dias at\u00e9 serem transferidos ao \u00fatero materno.<\/p>\n<p style=\"font-weight: 400;\">Esta t\u00e9cnica \u00e9 uma alternativa para casais com dificuldade para engravidar, idade avan\u00e7ada, homoafetivos ou com uma condi\u00e7\u00e3o gen\u00e9tica que pode ser passada ao beb\u00ea.<\/p>\n<p>&nbsp;<\/p>\n<h2 style=\"text-align: center;\"><span style=\"color: #35b0f0;\">Quando a FIV \u00e9 indicada?<\/span><\/h2>\n<p>&nbsp;<\/p>\n<p style=\"font-weight: 400;\">A<span>\u00a0 <\/span>fertiliza\u00e7\u00e3o in vitro (FIV) \u00e9 indicada para casos de infertilidade como:<\/p>\n<ul>\n<li>Baixa contagem de espermatozoides e aus\u00eancia de gametas no s\u00eamen;<\/li>\n<li>Problemas de motilidade ou morfologia nos espermatozoides;<\/li>\n<li>Quando a mulher possui altera\u00e7\u00f5es como endometriose, fal\u00eancia ovariana precoce, altera\u00e7\u00e3o nas trompas;<\/li>\n<li>Mulheres em idade avan\u00e7ada;<\/li>\n<li>Infertilidade sem causa aparente;<\/li>\n<li>Em casos de tratamento de fertilidade para casais homoafetivos;<\/li>\n<\/ul>\n<p><span style=\"font-weight: 400;\">Quando \u00e9 necess\u00e1ria a doa\u00e7\u00e3o de \u00f3vulos, espermatozoides <\/span><\/p>\n<p>&nbsp;<\/p>\n<h2 style=\"text-align: center;\"><span style=\"text-align: left; caret-color: #35b0f0;\"><span style=\"color: #35b0f0;\">At\u00e9 qual idade a FIV pode ser realizada?<\/span><\/span><span style=\"font-size: 14px; text-align: left; color: #666666;\">\u00a0<\/span><\/h2>\n<p><span style=\"font-size: 14px; text-align: left; color: #666666;\"><\/span><\/p>\n<p style=\"font-weight: 400;\">A diminui\u00e7\u00e3o da fertilidade feminina come\u00e7a aos 30 anos. Essa redu\u00e7\u00e3o se intensifica a partir dos 35 anos, e pode piorar aos 40 anos. Isso acontece devido \u00e0 redu\u00e7\u00e3o da quantidade e qualidade dos \u00f3vulos. Esse processo \u00e9 natural e resulta na extin\u00e7\u00e3o dos \u00f3vulos e no come\u00e7o da menopausa.<\/p>\n<p style=\"font-weight: 400;\">Considerando todos fatores citados acima, o per\u00edodo mais indicado para a Fertiliza\u00e7\u00e3o in Vitro<span>\u00a0 <\/span>seria<span>\u00a0 <\/span>at\u00e9 os 35 anos. Por\u00e9m, \u00e9 importante ressaltar que isso n\u00e3o \u00e9 uma regra e que cada caso deve ser avaliado.<\/p>\n<p style=\"font-weight: 400;\">Com o avan\u00e7o da medicina e a evolu\u00e7\u00e3o dos tratamentos, \u00e9 poss\u00edvel ter uma gravidez saud\u00e1vel at\u00e9 depois dos 40 anos.<span>\u00a0 <\/span>O recomend\u00e1vel \u00e9 que se poss\u00edvel, a mulher congele seus os \u00f3vulos at\u00e9 os 35 anos, para poss\u00edvel<span>\u00a0 <\/span>fecunda\u00e7\u00e3o via fertiliza\u00e7\u00e3o in vitro.<\/p>\n<p>&nbsp;<\/p>\n<h2 style=\"text-align: center;\"><span style=\"text-align: left; caret-color: #35b0f0;\"><span style=\"color: #35b0f0;\">Como \u00e9 realizado o procedimento?<\/span><\/span><span style=\"font-size: 14px; text-align: left; color: #666666;\">\u00a0<\/span><\/h2>\n<p><span style=\"font-size: 14px; text-align: left; color: #666666;\"><\/span><\/p>\n<p style=\"font-weight: 400;\">A<span>\u00a0 <\/span>fertiliza\u00e7\u00e3o in vitro \u00e9 composta por v\u00e1rias etapas.\u00a0<\/p>\n<p style=\"font-weight: 400;\">\n<ol style=\"font-weight: 400;\">\n<li><strong><a href=\"https:\/\/www.embryo.med.br\/web\/estimulacao-ovariana\/\">Estimula\u00e7\u00e3o ovariana<\/a>:<br \/><\/strong><span style=\"font-size: 14px;\"><span style=\"font-size: 14px;\">Essa t\u00e9cnica utiliza horm\u00f4nios para estimular o desenvolvimento de v\u00e1rios fol\u00edculos ovarianos, possibilitando a libera\u00e7\u00e3o de mais \u00f3vulos em um mesmo ciclo. A mulher recebe doses di\u00e1rias de horm\u00f4nios e ap\u00f3s acompanhamento com ultrassom, \u00e9 feita a pun\u00e7\u00e3o ovariana para a coleta dos \u00f3vulos e posterior fertiliza\u00e7\u00e3o em laborat\u00f3rio.<\/span><\/span>\n<p>&nbsp;<\/p>\n<\/li>\n<li><strong style=\"font-size: 14px;\">Coleta de \u00f3vulos:<br \/><\/strong><span style=\"font-size: 14px;\"><span style=\"font-size: 14px;\">Nesta etapa, s\u00e3o retirados os \u00f3vulos produzidos ap\u00f3s a estimula\u00e7\u00e3o ovariana.<\/span><\/span>\n<p>&nbsp;<\/p>\n<\/li>\n<li><strong>Fertiliza\u00e7\u00e3o dos \u00f3vulos:<br \/><\/strong><span style=\"font-size: 14px;\"><span style=\"font-size: 14px;\">Nessa etapa os \u00f3vulos s\u00e3o separados e preparados em uma placa de cultura para serem fertilizados com os espermatozoides selecionados anteriormente. Os espermatozoides podem ser colhidos do test\u00edculo, epid\u00eddimo e ejaculado.<\/span><\/span>\n<p>&nbsp;<\/p>\n<\/li>\n<li><strong style=\"font-size: 14px;\">Transfer\u00eancia dos embri\u00f5es:<br \/><\/strong><span style=\"font-size: 14px;\">Nessa etapa o procedimento \u00e9 feito em laborat\u00f3rio e pode levar cerca de 15 minutos. Ap\u00f3s a confirma\u00e7\u00e3o da fertiliza\u00e7\u00e3o, os embri\u00f5es s\u00e3o mantidos em laborat\u00f3rio, monitorados para a sele\u00e7\u00e3o dos melhores para a transfer\u00eancia, que pode ocorrer entre 2 a 6 dias ap\u00f3s a coleta.<\/span><\/li>\n<\/ol>\n<p style=\"font-weight: 400;\">Trata-se de um procedimento simples, r\u00e1pido e indolor que n\u00e3o requer seda\u00e7\u00e3o.<\/p>\n<p style=\"font-weight: 400;\">Os resultados podem ser obtidos ap\u00f3s 9 a 15 dias da transfer\u00eancia, a paciente deve realizar o teste sangu\u00edneo do horm\u00f4nio beta-hCG, teste respons\u00e1vel por detectar a exist\u00eancia de gravidez.<\/p>\n<p style=\"font-weight: 400;\">\u00c9 importante ressaltar que, o melhor tratamento para engravidar \u00e9 sempre aquele que atende a necessidade do casal, avaliada com base no hist\u00f3rico m\u00e9dico e em exames solicitados pelo especialista em reprodu\u00e7\u00e3o humana.<\/p>\n<p style=\"font-weight: 400;\">\n<p style=\"font-weight: 400;\">Se voc\u00ea tem interesse no tratamento ou ainda tem d\u00favidas, agende uma consulta conosco.<\/p>\n<p>&nbsp;<\/p>\n<p>[\/et_pb_text][\/et_pb_column][\/et_pb_row][\/et_pb_section][et_pb_section fb_built=&#8221;1&#8243; _builder_version=&#8221;4.16&#8243; background_color=&#8221;#4782ff&#8221; background_image=&#8221;https:\/\/www.embryo.med.br\/web\/wp-content\/uploads\/2021\/12\/pattern03.png&#8221; parallax=&#8221;on&#8221; global_colors_info=&#8221;{}&#8221;][\/et_pb_section][et_pb_section fb_built=&#8221;1&#8243; custom_padding_last_edited=&#8221;on|phone&#8221; _builder_version=&#8221;4.17.0&#8243; background_image=&#8221;https:\/\/www.embryo.med.br\/web\/wp-content\/uploads\/2021\/12\/banner.png&#8221; background_size=&#8221;initial&#8221; custom_margin_tablet=&#8221;&#8221; custom_margin_phone=&#8221;0px||-5px||false|false&#8221; custom_margin_last_edited=&#8221;on|phone&#8221; custom_padding=&#8221;0px||||false|false&#8221; custom_padding_tablet=&#8221;0px||||false|false&#8221; custom_padding_phone=&#8221;34px||246px||false|false&#8221; background_last_edited=&#8221;on|phone&#8221; background_image_phone=&#8221;https:\/\/www.embryo.med.br\/web\/wp-content\/uploads\/2022\/11\/bannermoile_02.png&#8221; background_enable_image_phone=&#8221;on&#8221; background_size_phone=&#8221;cover&#8221; background_position_phone=&#8221;top_center&#8221; global_colors_info=&#8221;{}&#8221;][et_pb_row column_structure=&#8221;1_2,1_2&#8243; _builder_version=&#8221;4.17.0&#8243; min_height=&#8221;342px&#8221; custom_margin=&#8221;-2px|auto||275px|false|false&#8221; custom_margin_tablet=&#8221;-2px|auto||275px|false|false&#8221; custom_margin_phone=&#8221;-2px|auto||41px|false|false&#8221; custom_margin_last_edited=&#8221;on|phone&#8221; custom_padding=&#8221;0px||0px|6px|false|false&#8221; locked=&#8221;off&#8221; global_colors_info=&#8221;{}&#8221;][et_pb_column type=&#8221;1_2&#8243; _builder_version=&#8221;4.16&#8243; custom_padding=&#8221;||40px||false|false&#8221; global_colors_info=&#8221;{}&#8221;][et_pb_divider color=&#8221;#35b0f0&#8243; show_divider_tablet=&#8221;&#8221; show_divider_phone=&#8221;off&#8221; show_divider_last_edited=&#8221;on|phone&#8221; _builder_version=&#8221;4.17.0&#8243; width=&#8221;70%&#8221; custom_margin=&#8221;||||false|false&#8221; global_colors_info=&#8221;{}&#8221;][\/et_pb_divider][et_pb_text _builder_version=&#8221;4.16&#8243; header_font=&#8221;Open Sans|600||on|||||&#8221; header_text_color=&#8221;#3054a5&#8243; header_font_size=&#8221;27px&#8221; header_line_height=&#8221;1.1em&#8221; custom_margin=&#8221;||-3px|||&#8221; header_font_size_tablet=&#8221;40px&#8221; header_font_size_phone=&#8221;24px&#8221; header_font_size_last_edited=&#8221;on|phone&#8221; global_colors_info=&#8221;{}&#8221;]<\/p>\n<h1><span color=\"#6d6d6d\" style=\"color: #6d6d6d;\"><span style=\"caret-color: #6d6d6d;\">venha dar o primeiro<br \/>passo da sua jornada.<\/span><\/span><\/h1>\n<p><span color=\"#6d6d6d\" style=\"color: #6d6d6d;\"><span style=\"caret-color: #6d6d6d;\"><\/span><\/span><\/p>\n<p><span color=\"#6d6d6d\" style=\"color: #6d6d6d;\"><span style=\"caret-color: #6d6d6d;\"><\/span><\/span><\/p>\n<p>[\/et_pb_text][et_pb_text _builder_version=&#8221;4.16&#8243; header_font=&#8221;Open Sans|600||on|||||&#8221; header_text_color=&#8221;#3054a5&#8243; header_font_size=&#8221;27px&#8221; header_line_height=&#8221;1.1em&#8221; custom_padding=&#8221;0px|||||&#8221; header_font_size_tablet=&#8221;40px&#8221; header_font_size_phone=&#8221;24px&#8221; header_font_size_last_edited=&#8221;on|phone&#8221; global_colors_info=&#8221;{}&#8221;]<\/p>\n<p><span>A reprodu\u00e7\u00e3o humana \u00e9 uma \u00f3tima alternativa para pacientes que n\u00e3o conseguem engravidar pelos m\u00e9todos tradicionais. A trav\u00e9s de diversas t\u00e9cnicas, como a FIV, a Insemina\u00e7\u00e3o Intrauterina, o Coito P<\/span><span>rogramado, entre outras, \u00e9 capaz de viabilizar a t\u00e3o sonhada concep\u00e7\u00e3o.<\/span><\/p>\n<p>[\/et_pb_text][et_pb_button button_url=&#8221;https:\/\/api.whatsapp.com\/send\/?phone=554195100880&#8243; url_new_window=&#8221;on&#8221; button_text=&#8221;Agende uma consulta&#8221; _builder_version=&#8221;4.17.0&#8243; custom_button=&#8221;on&#8221; button_text_size=&#8221;15px&#8221; button_text_color=&#8221;#ffffff&#8221; button_bg_color=&#8221;#3054a5&#8243; button_border_width=&#8221;0px&#8221; button_border_radius=&#8221;15px&#8221; button_letter_spacing=&#8221;1px&#8221; button_font=&#8221;Open Sans|700||on|||||&#8221; button_use_icon=&#8221;off&#8221; custom_padding=&#8221;20px|30px|20px|30px|true|true&#8221; global_colors_info=&#8221;{}&#8221;][\/et_pb_button][\/et_pb_column][et_pb_column type=&#8221;1_2&#8243; _builder_version=&#8221;4.16&#8243; global_colors_info=&#8221;{}&#8221;][\/et_pb_column][\/et_pb_row][\/et_pb_section][et_pb_section fb_built=&#8221;1&#8243; module_id=&#8221;contato&#8221; _builder_version=&#8221;4.17.0&#8243; _module_preset=&#8221;default&#8221; background_color=&#8221;#4782ff&#8221; custom_padding=&#8221;0px||0px||false|false&#8221; saved_tabs=&#8221;all&#8221; global_colors_info=&#8221;{}&#8221;][et_pb_row column_structure=&#8221;1_2,1_2&#8243; _builder_version=&#8221;4.16&#8243; _module_preset=&#8221;default&#8221; global_colors_info=&#8221;{}&#8221;][et_pb_column type=&#8221;1_2&#8243; _builder_version=&#8221;4.16&#8243; _module_preset=&#8221;default&#8221; global_colors_info=&#8221;{}&#8221;][et_pb_divider color=&#8221;#4782ff&#8221; _builder_version=&#8221;4.16&#8243; _module_preset=&#8221;default&#8221; global_colors_info=&#8221;{}&#8221;][\/et_pb_divider][et_pb_text _builder_version=&#8221;4.16&#8243; _module_preset=&#8221;default&#8221; header_font=&#8221;|||on|||||&#8221; header_text_color=&#8221;#FFFFFF&#8221; locked=&#8221;off&#8221; global_colors_info=&#8221;{}&#8221;]<\/p>\n<h1 style=\"text-align: center;\">entre em contato<\/h1>\n<p>[\/et_pb_text][et_pb_divider color=&#8221;#35b0f0&#8243; _builder_version=&#8221;4.16&#8243; _module_preset=&#8221;default&#8221; width=&#8221;30%&#8221; module_alignment=&#8221;center&#8221; custom_margin=&#8221;||||false|false&#8221; locked=&#8221;off&#8221; global_colors_info=&#8221;{}&#8221;][\/et_pb_divider][et_pb_text _builder_version=&#8221;4.16&#8243; _module_preset=&#8221;default&#8221; text_text_color=&#8221;#FFFFFF&#8221; global_colors_info=&#8221;{}&#8221;]<\/p>\n<p><strong>CENTRO CL\u00cdNICO<\/strong><br \/> Av. Sete de Setembro, 6481, Semin\u00e1rio \u2013 Curitiba &#8211; PR<br \/>(41) 3524-6461 <br \/>(41)3524 \u2013 6462<br \/><span style=\"font-size: 14px;\">(41) 3244-9217<\/span><\/p>\n<p><strong>LABORAT\u00d3RIO<\/strong><br \/> Av. Sete de Setembro, 6520, Semin\u00e1rio \u2013 Curitiba &#8211; PR<br \/> No interior da Cl\u00ednica Los Angeles<br \/> (41) 3244-6461<br \/> (41) 3343-3103<\/p>\n<p>[\/et_pb_text][\/et_pb_column][et_pb_column type=&#8221;1_2&#8243; _builder_version=&#8221;4.16&#8243; _module_preset=&#8221;default&#8221; global_colors_info=&#8221;{}&#8221;][et_pb_code _builder_version=&#8221;4.17.0&#8243; _module_preset=&#8221;default&#8221; width_tablet=&#8221;&#8221; width_phone=&#8221;100%&#8221; width_last_edited=&#8221;on|phone&#8221; custom_margin=&#8221;|-399px||||&#8221; custom_padding=&#8221;||0px|||&#8221; global_colors_info=&#8221;{}&#8221;]<iframe src=\"https:\/\/www.google.com\/maps\/embed?pb=!1m18!1m12!1m3!1d3602.6332448522994!2d-49.3019461849853!3d-25.450522283779048!2m3!1f0!2f0!3f0!3m2!1i1024!2i768!4f13.1!3m3!1m2!1s0x94dce38fc1f9f2ef%3A0x2a9234ea8a216b94!2sEmbryo!5e0!3m2!1spt-BR!2sbr!4v1638898022381!5m2!1spt-BR!2sbr\" width=\"600\" height=\"450\" style=\"border:0;\" allowfullscreen=\"\" loading=\"lazy\"><\/iframe>[\/et_pb_code][\/et_pb_column][\/et_pb_row][\/et_pb_section]<\/p>\n","protected":false},"excerpt":{"rendered":"<p>Tudo \u00e9 poss\u00edvel para quem \u00e9 capaz de sonhar(41) 3524-6461Av. Sete de Setembro, 6481, Semin\u00e1rio \u2013 Curitibaacolhimento@embryo.med.brFertiliza\u00e7\u00e3o In VitroA fertiliza\u00e7\u00e3o in vitro (FIV) \u00e9 um procedimento de reprodu\u00e7\u00e3o assistida que visa\u00a0estimular a produ\u00e7\u00e3o ovariana da mulher e gerar um embri\u00e3o com o aux\u00edlio de t\u00e9cnicas laboratoriais. Esse\u00a0 processo inclui desde a fertiliza\u00e7\u00e3o at\u00e9 o desenvolvimento [&hellip;]<\/p>\n","protected":false},"author":1,"featured_media":0,"parent":0,"menu_order":0,"comment_status":"closed","ping_status":"closed","template":"","meta":{"_et_pb_use_builder":"on","_et_pb_old_content":"","_et_gb_content_width":"","footnotes":""},"class_list":["post-162","page","type-page","status-publish","hentry"],"_links":{"self":[{"href":"https:\/\/www.embryo.med.br\/web\/wp-json\/wp\/v2\/pages\/162","targetHints":{"allow":["GET"]}}],"collection":[{"href":"https:\/\/www.embryo.med.br\/web\/wp-json\/wp\/v2\/pages"}],"about":[{"href":"https:\/\/www.embryo.med.br\/web\/wp-json\/wp\/v2\/types\/page"}],"author":[{"embeddable":true,"href":"https:\/\/www.embryo.med.br\/web\/wp-json\/wp\/v2\/users\/1"}],"replies":[{"embeddable":true,"href":"https:\/\/www.embryo.med.br\/web\/wp-json\/wp\/v2\/comments?post=162"}],"version-history":[{"count":10,"href":"https:\/\/www.embryo.med.br\/web\/wp-json\/wp\/v2\/pages\/162\/revisions"}],"predecessor-version":[{"id":707,"href":"https:\/\/www.embryo.med.br\/web\/wp-json\/wp\/v2\/pages\/162\/revisions\/707"}],"wp:attachment":[{"href":"https:\/\/www.embryo.med.br\/web\/wp-json\/wp\/v2\/media?parent=162"}],"curies":[{"name":"wp","href":"https:\/\/api.w.org\/{rel}","templated":true}]}}